{"id":126,"date":"2014-08-25T13:08:43","date_gmt":"2014-08-25T10:08:43","guid":{"rendered":"http:\/\/ravintolagosta.fi\/dev2\/ruoka-ja-juoma-2\/"},"modified":"2026-04-28T15:23:54","modified_gmt":"2026-04-28T12:23:54","slug":"food-drink","status":"publish","type":"page","link":"https:\/\/ravintolagosta.fi\/en\/food-drink\/","title":{"rendered":"FOOD &#038; DRINK"},"content":{"rendered":"<div id='full_slider_1'  class='avia-fullwidth-slider main_color avia-shadow   avia-builder-el-0  el_before_av_heading  avia-builder-el-first   container_wrap fullsize' style=' '  ><div   data-size='featured'  data-lightbox_size='large'  data-animation='fade'  data-conditional_play=''  data-ids='4183,4181,32'  data-video_counter='0'  data-autoplay='true'  data-bg_slider='false'  data-slide_height=''  data-handle='av_slideshow_full'  data-interval='10'  data-class=' '  data-el_id=''  data-css_id=''  data-scroll_down=''  data-control_layout='av-control-default'  data-custom_markup=''  data-perma_caption=''  data-autoplay_stopper=''  data-image_attachment=''  data-min_height='0px'  data-src=''  data-position='top left'  data-repeat='no-repeat'  data-attach='scroll'  data-stretch=''  data-default-height='28.6666666667'  class='avia-slideshow avia-slideshow-1  av-control-default av-default-height-applied avia-slideshow-featured av_slideshow_full   avia-fade-slider '  itemprop=\"image\" itemscope=\"itemscope\" itemtype=\"https:\/\/schema.org\/ImageObject\" ><ul class='avia-slideshow-inner ' style='padding-bottom: 28.6666666667%;' ><li  class=' slide-1 ' ><div data-rel='slideshow-1' class='avia-slide-wrap '   ><img src='https:\/\/ravintolagosta.fi\/RG\/wp-content\/uploads\/Maitosuklaa-1500x430.jpg' width='1500' height='430' title='Maitosuklaa' alt=''  itemprop=\"thumbnailUrl\"   \/><\/div><\/li><li  class=' slide-2 ' ><div data-rel='slideshow-1' class='avia-slide-wrap '   ><img src='https:\/\/ravintolagosta.fi\/RG\/wp-content\/uploads\/Siika-1500x430.jpg' width='1500' height='430' title='Siika' alt=''  itemprop=\"thumbnailUrl\"   \/><\/div><\/li><\/ul><div class='avia-slideshow-arrows avia-slideshow-controls'><a href='#prev' class='prev-slide' aria-hidden='true' data-av_icon='\ue87c' data-av_iconfont='entypo-fontello'>Previous<\/a><a href='#next' class='next-slide' aria-hidden='true' data-av_icon='\ue87d' data-av_iconfont='entypo-fontello'>Next<\/a><\/div><div class='avia-slideshow-dots avia-slideshow-controls'><a href='#1' class='goto-slide active' >1<\/a><a href='#2' class='goto-slide ' >2<\/a><\/div><\/div><\/div><div id='after_full_slider_1'  class='main_color av_default_container_wrap container_wrap fullsize' style=' '  ><div class='container' ><div class='template-page content  av-content-full alpha units'><div class='post-entry post-entry-type-page post-entry-126'><div class='entry-content-wrapper clearfix'>\n<div  style='padding-bottom:10px; ' class='av-special-heading av-special-heading-h3    avia-builder-el-1  el_after_av_slideshow_full  el_before_av_textblock  avia-builder-el-first  '><h3 class='av-special-heading-tag '  itemprop=\"headline\"  >FOOD<\/h3><div class='special-heading-border'><div class='special-heading-inner-border' ><\/div><\/div><\/div>\n<section class=\"av_textblock_section \"  itemscope=\"itemscope\" itemtype=\"https:\/\/schema.org\/CreativeWork\" ><div class='avia_textblock  '   itemprop=\"text\" ><p>&#8220;<strong>Local but global<\/strong>&#8221;<br \/>\nOur chef de cuisine, <strong>Henry Tikkanen<\/strong> is an experienced and respected expert in the food industry. He has received the Chef of the Year award and represented Finland in international arenas.<\/p>\n<p>The focus of G\u00f6sta restaurant&#8217;s flavours is our chef&#8217;s de cuisine selecting locally sourced, quality ingredients according to the season. The delicacies also feature influences from outside our own country. Restaurant G\u00f6sta is famous for its pure tastes stemming from Finnish nature.<\/p>\n<\/div><\/section>\n<div  class='avia-icon-list-container   avia-builder-el-3  el_after_av_textblock  el_before_av_heading '><ul class='avia-icon-list avia-icon-list-left av-iconlist-big avia_animate_when_almost_visible avia-iconlist-animate'>\n<li><div  class='iconlist_icon  avia-font-fontello'><span class='iconlist-char ' aria-hidden='true' data-av_icon='\ue800' data-av_iconfont='fontello'><\/span><\/div><article class=\"article-icon-entry \"  itemscope=\"itemscope\" itemtype=\"https:\/\/schema.org\/CreativeWork\" ><div class='iconlist_content_wrap'><header class=\"entry-content-header\"><h4 class='av_iconlist_title iconlist_title   '  itemprop=\"headline\"  >The Manor Classics<\/h4><\/header><div class='iconlist_content  '  itemprop=\"text\"  ><p><strong>Cured rainbow trout, marinated tomatoes and jalapeno mousse<\/strong><\/p>\n<p><strong>Fried pike-perch and grilled butter sauce<\/strong><\/p>\n<p><strong>Lemon-almond parfait, fresh strawberries and strawberry sorbet<\/strong><\/p>\n<p><strong>Three course menu <\/strong><strong><span class=\"price\">57,00\u20ac<\/span><\/strong><\/p>\n<\/div><\/div><footer class=\"entry-footer\"><\/footer><\/article><div class='iconlist-timeline'><\/div><\/li>\n<li><div  class='iconlist_icon  avia-font-fontello'><span class='iconlist-char ' aria-hidden='true' data-av_icon='\ue800' data-av_iconfont='fontello'><\/span><\/div><article class=\"article-icon-entry \"  itemscope=\"itemscope\" itemtype=\"https:\/\/schema.org\/CreativeWork\" ><div class='iconlist_content_wrap'><header class=\"entry-content-header\"><h4 class='av_iconlist_title iconlist_title   '  itemprop=\"headline\"  >The Green Classics<\/h4><\/header><div class='iconlist_content  '  itemprop=\"text\"  ><p><strong>Grilled asparagus salad, burrata and spruce pesto<\/strong><\/p>\n<p><strong>Roasted spring vegetables, morel and oat risotto<\/strong><\/p>\n<p><strong>Rhubarb choux, vanilla cream and honey ice cream<\/strong><\/p>\n<p><strong>Three course menu <\/strong><strong><span class=\"price\">52,00\u20ac<\/span><\/strong><\/p>\n<p>Vegan option available<\/p>\n<\/div><\/div><footer class=\"entry-footer\"><\/footer><\/article><div class='iconlist-timeline'><\/div><\/li>\n<li><div  class='iconlist_icon  avia-font-fontello'><span class='iconlist-char ' aria-hidden='true' data-av_icon='\ue800' data-av_iconfont='fontello'><\/span><\/div><article class=\"article-icon-entry \"  itemscope=\"itemscope\" itemtype=\"https:\/\/schema.org\/CreativeWork\" ><div class='iconlist_content_wrap'><header class=\"entry-content-header\"><h4 class='av_iconlist_title iconlist_title   '  itemprop=\"headline\"  >Ala carte<\/h4><\/header><div class='iconlist_content  '  itemprop=\"text\"  ><h3><strong>Starters<\/strong><\/h3>\n<p><strong>Cured rainbow trout, marinated tomatoes and jalapeno mousse<\/strong><span class=\"price\">15,00 \u20ac<\/span><br \/>\n<strong>Grilled asparagus salad, burrata nad spruce pesto<\/strong><span class=\"price\">14,00 \u20ac<\/span><br \/>\n<strong>Creamy nettle soup and quail egg<\/strong><span class=\"price\">12,50 \u20ac<\/span><br \/>\n<strong>Green salad<\/strong><span class=\"price\">9,00 \u20ac<\/span><\/p>\n<h3><strong>Mains<\/strong><\/h3>\n<p><strong>Fried pike-perch and grilled butter sauce<\/strong><span class=\"price\">33,00 \u20ac<\/span><br \/>\n<strong>Roasted spring vegetables, morel and oat risotto<\/strong><span class=\"price\">28,00 \u20ac<\/span><br \/>\n<strong>G\u00f6stas pike burger<\/strong><span class=\"price\">24,00 \u20ac<\/span><br \/>\n<strong>Grilled beef sirloin steak and parsley butter<\/strong><span class=\"price\">42,00\u20ac<\/span><br \/>\n<span class=\"price\"><br \/>\n<\/span><\/p>\n<h3><strong>Desserts<\/strong><\/h3>\n<p><strong>Lemon-almond parfait, fresh strawberries and strawberry sorbet<\/strong><span class=\"price\">12,00 \u20ac<\/span><br \/>\n<strong>Rhubarb choux, vanilla cream and honey ice cream<\/strong><span class=\"price\">12,00 \u20ac<\/span><br \/>\n<strong>A scoop of sorbet<\/strong><span class=\"price\">6,00 \u20ac<\/span><br \/>\n<strong>A piece of cheese, fig compote<\/strong><span class=\"price\">12,00 \u20ac<\/span><\/p>\n<p><strong>Children 13-and under -50%.<\/strong><\/p>\n<\/div><\/div><footer class=\"entry-footer\"><\/footer><\/article><div class='iconlist-timeline'><\/div><\/li>\n<\/ul><\/div>\n<div  style='padding-bottom:10px; ' class='av-special-heading av-special-heading-h3    avia-builder-el-4  el_after_av_iconlist  el_before_av_iconlist  '><h3 class='av-special-heading-tag '  itemprop=\"headline\"  >DRINKS<\/h3><div class='special-heading-border'><div class='special-heading-inner-border' ><\/div><\/div><\/div>\n<div  class='avia-icon-list-container   avia-builder-el-5  el_after_av_heading  el_before_av_section  avia-builder-el-last '><ul class='avia-icon-list avia-icon-list-left av-iconlist-big avia_animate_when_almost_visible avia-iconlist-animate'>\n<li><div  class='iconlist_icon  avia-font-fontello'><span class='iconlist-char ' aria-hidden='true' data-av_icon='\ue802' data-av_iconfont='fontello'><\/span><\/div><article class=\"article-icon-entry \"  itemscope=\"itemscope\" itemtype=\"https:\/\/schema.org\/CreativeWork\" ><div class='iconlist_content_wrap'><header class=\"entry-content-header\"><h4 class='av_iconlist_title iconlist_title   '  itemprop=\"headline\"  >Bubbles - 75 cl \/ 12 cl<\/h4><\/header><div class='iconlist_content  '  itemprop=\"text\"  ><p>Champagne Tribaut Schloesser Brut Origine, Ranska\u00a0\u00a0\u00a0\u00a0\u00a0\u00a0\u00a0\u00a0\u00a0\u00a0\u00a0\u00a0\u00a0\u00a0 <span class=\"price\">98 \u20ac<br \/>\n<\/span><\/p>\n<p>Henri Ehrhart Cremant, Ranska\u00a0\u00a0\u00a0\u00a0\u00a0\u00a0\u00a0\u00a0\u00a0\u00a0\u00a0\u00a0\u00a0\u00a0 \u00a0\u00a0\u00a0\u00a0\u00a0\u00a0\u00a0\u00a0\u00a0\u00a0\u00a0\u00a0\u00a0\u00a0\u00a0\u00a0\u00a0\u00a0\u00a0\u00a0\u00a0\u00a0\u00a0\u00a0\u00a0 <span class=\"price\">64 \/ 10,50 \u20ac<\/span><\/p>\n<p>Serenello Prosecco Extra Dry, Italia \u00a0\u00a0\u00a0\u00a0\u00a0\u00a0\u00a0\u00a0\u00a0\u00a0\u00a0\u00a0\u00a0\u00a0\u00a0\u00a0\u00a0\u00a0\u00a0\u00a0\u00a0\u00a0\u00a0\u00a0\u00a0 <span class=\"price\">58 \/ 9,00 \u20ac<\/span><\/p>\n<p>Kaiho Drinks Raparperi&amp;Ruusu, Suomi \u00a0\u00a0\u00a0\u00a0\u00a0\u00a0\u00a0\u00a0\u00a0\u00a0\u00a0\u00a0\u00a0\u00a0\u00a0\u00a0\u00a0\u00a0\u00a0\u00a0 <span class=\"price\">50 \/ 8,00 \u20ac<\/span><\/p>\n<p>Lehtikuohu, Suomi\u00a0\u00a0\u00a0\u00a0\u00a0\u00a0\u00a0\u00a0\u00a0\u00a0\u00a0\u00a0\u00a0\u00a0\u00a0\u00a0\u00a0\u00a0\u00a0\u00a0\u00a0\u00a0\u00a0\u00a0\u00a0\u00a0\u00a0\u00a0\u00a0\u00a0\u00a0\u00a0\u00a0\u00a0\u00a0\u00a0\u00a0\u00a0\u00a0\u00a0\u00a0\u00a0\u00a0\u00a0\u00a0\u00a0\u00a0\u00a0\u00a0\u00a0\u00a0\u00a0\u00a0\u00a0\u00a0\u00a0\u00a0\u00a0\u00a0\u00a0\u00a0\u00a0\u00a0\u00a0 <span class=\"price\">52 \/ 8,40 \u20ac<\/span><\/p>\n<\/div><\/div><footer class=\"entry-footer\"><\/footer><\/article><div class='iconlist-timeline'><\/div><\/li>\n<li><div  class='iconlist_icon  avia-font-fontello'><span class='iconlist-char ' aria-hidden='true' data-av_icon='\ue802' data-av_iconfont='fontello'><\/span><\/div><article class=\"article-icon-entry \"  itemscope=\"itemscope\" itemtype=\"https:\/\/schema.org\/CreativeWork\" ><div class='iconlist_content_wrap'><header class=\"entry-content-header\"><h4 class='av_iconlist_title iconlist_title   '  itemprop=\"headline\"  >Whites - 75 cl \/ 12 cl<\/h4><\/header><div class='iconlist_content  '  itemprop=\"text\"  ><p>Deidesheim Riesling Trocken, Saksa \u00a0\u00a0\u00a0\u00a0\u00a0\u00a0\u00a0\u00a0\u00a0\u00a0\u00a0\u00a0\u00a0 <span class=\"price\">57 \/ 9,20 \u20ac<\/span><\/p>\n<p>Villa Blanche Chardonnay, Ranska \u00a0\u00a0\u00a0 \u00a0\u00a0\u00a0\u00a0\u00a0\u00a0\u00a0\u00a0\u00a0\u00a0\u00a0\u00a0\u00a0\u00a0\u00a0\u00a0\u00a0\u00a0\u00a0\u00a0 <span class=\"price\">59 \/ 9,50 \u20ac<\/span><\/p>\n<p>Villa Blanche Sauvignon Blanc, Ranska<span class=\"price\"> \u00a0\u00a0\u00a0\u00a0\u00a0\u00a0\u00a0 59 \/ 9,50 \u20ac<\/span><\/p>\n<p>Weingut Frank Gruner Veltliner, It\u00e4valta \u00a0\u00a0\u00a0\u00a0\u00a0\u00a0\u00a0\u00a0\u00a0\u00a0\u00a0\u00a0\u00a0\u00a0\u00a0\u00a0\u00a0\u00a0\u00a0\u00a0\u00a0\u00a0\u00a0\u00a0\u00a0\u00a0\u00a0 <span class=\"price\">65 \/ 10,50 \u20ac<br \/>\n<\/span><\/p>\n<p>Salentein Primus Chardonnay 2018, Argentiina\u00a0\u00a0\u00a0\u00a0\u00a0\u00a0\u00a0\u00a0\u00a0\u00a0\u00a0\u00a0\u00a0\u00a0\u00a0\u00a0\u00a0\u00a0\u00a0\u00a0\u00a0\u00a0\u00a0\u00a0\u00a0\u00a0\u00a0\u00a0\u00a0 <span class=\"price\">95 \u20ac<\/span><\/p>\n<p>Anno Domino Pinot Grigio Rose, Italia \u00a0\u00a0\u00a0\u00a0\u00a0\u00a0\u00a0\u00a0\u00a0\u00a0\u00a0\u00a0\u00a0\u00a0\u00a0\u00a0\u00a0\u00a0\u00a0\u00a0 <span class=\"price\">58 \/ 9,40 \u20ac<\/span><\/p>\n<\/div><\/div><footer class=\"entry-footer\"><\/footer><\/article><div class='iconlist-timeline'><\/div><\/li>\n<li><div  class='iconlist_icon  avia-font-fontello'><span class='iconlist-char ' aria-hidden='true' data-av_icon='\ue802' data-av_iconfont='fontello'><\/span><\/div><article class=\"article-icon-entry \"  itemscope=\"itemscope\" itemtype=\"https:\/\/schema.org\/CreativeWork\" ><div class='iconlist_content_wrap'><header class=\"entry-content-header\"><h4 class='av_iconlist_title iconlist_title   '  itemprop=\"headline\"  >Reds - 75 cl \/ 12cl<\/h4><\/header><div class='iconlist_content  '  itemprop=\"text\"  ><p>Finca Antigua Tempranillo Crianza, Espanja\u00a0\u00a0\u00a0\u00a0\u00a0\u00a0\u00a0\u00a0\u00a0\u00a0\u00a0\u00a0\u00a0\u00a0\u00a0\u00a0 \u00a0\u00a0\u00a0\u00a0\u00a0\u00a0\u00a0\u00a0\u00a0\u00a0\u00a0\u00a0\u00a0\u00a0\u00a0\u00a0\u00a0 <span class=\"price\">56 \/ 9,00 \u20ac<\/span><\/p>\n<p>Henri Ehrhart Pinot Noir, Ranska \u00a0\u00a0\u00a0\u00a0\u00a0\u00a0\u00a0\u00a0\u00a0\u00a0\u00a0\u00a0\u00a0\u00a0\u00a0\u00a0 <span class=\"price\">68\/ 11,00 \u20ac<\/span><\/p>\n<p>La Fabrigue Vieux Carignan, Ranska \u00a0\u00a0\u00a0\u00a0\u00a0\u00a0\u00a0\u00a0\u00a0\u00a0\u00a0\u00a0\u00a0\u00a0\u00a0\u00a0\u00a0\u00a0\u00a0\u00a0\u00a0\u00a0\u00a0\u00a0\u00a0\u00a0\u00a0\u00a0\u00a0\u00a0\u00a0\u00a0\u00a0\u00a0\u00a0 <span class=\"price\">71\/ 11,50 \u20ac<\/span><\/p>\n<p>Colognola ai Colli Amarone, Italia \u00a0\u00a0\u00a0\u00a0\u00a0\u00a0\u00a0\u00a0\u00a0\u00a0\u00a0\u00a0\u00a0\u00a0\u00a0\u00a0\u00a0\u00a0\u00a0\u00a0\u00a0\u00a0\u00a0\u00a0\u00a0\u00a0\u00a0\u00a0\u00a0\u00a0\u00a0\u00a0\u00a0\u00a0\u00a0\u00a0\u00a0\u00a0\u00a0\u00a0\u00a0\u00a0\u00a0\u00a0\u00a0\u00a0\u00a0\u00a0\u00a0 <span class=\"price\">90 \u20ac<\/span><\/p>\n<\/div><\/div><footer class=\"entry-footer\"><\/footer><\/article><div class='iconlist-timeline'><\/div><\/li>\n<li><div  class='iconlist_icon  avia-font-fontello'><span class='iconlist-char ' aria-hidden='true' data-av_icon='\ue802' data-av_iconfont='fontello'><\/span><\/div><article class=\"article-icon-entry \"  itemscope=\"itemscope\" itemtype=\"https:\/\/schema.org\/CreativeWork\" ><div class='iconlist_content_wrap'><header class=\"entry-content-header\"><h4 class='av_iconlist_title iconlist_title   '  itemprop=\"headline\"  >Beverages<\/h4><\/header><div class='iconlist_content  '  itemprop=\"text\"  ><p>Be Wtr filtered water, still or sparkling <span class=\"price\">2,00 \u20ac<br \/>\n<\/span><\/p>\n<p>Soft drinks <span class=\"price\">4,90 \u20ac\/0,5 l<\/span><\/p>\n<\/div><\/div><footer class=\"entry-footer\"><\/footer><\/article><div class='iconlist-timeline'><\/div><\/li>\n<li><div  class='iconlist_icon  avia-font-fontello'><span class='iconlist-char ' aria-hidden='true' data-av_icon='\ue801' data-av_iconfont='fontello'><\/span><\/div><article class=\"article-icon-entry \"  itemscope=\"itemscope\" itemtype=\"https:\/\/schema.org\/CreativeWork\" ><div class='iconlist_content_wrap'><header class=\"entry-content-header\"><h4 class='av_iconlist_title iconlist_title   '  itemprop=\"headline\"  >Coffee and tea<\/h4><\/header><div class='iconlist_content  '  itemprop=\"text\"  ><p>Coffee<span class=\"price\">3,50\u20ac<\/span><\/p>\n<p>Brewed tea <span class=\"price\">3,50\u20ac<\/span><\/p>\n<p>Espresso\u00a0 <span class=\"price\">3,70\u20ac<\/span><\/p>\n<p>Espresso doppio\u00a0\u00a0\u00a0 <span class=\"price\">4,20\u20ac<\/span><\/p>\n<p>Cappuccino <span class=\"price\">4,70\u20ac<\/span><\/p>\n<p>Latte<span class=\"price\">4,40\u20ac<\/span><\/p>\n<\/div><\/div><footer class=\"entry-footer\"><\/footer><\/article><div class='iconlist-timeline'><\/div><\/li>\n<\/ul><\/div>\n<\/div><\/div><\/div><!-- close content main div --><\/div><\/div><div id='brands'  class='avia-section main_color avia-section-default avia-no-border-styling avia-bg-style-scroll  avia-builder-el-6  el_after_av_iconlist  avia-builder-el-last   container_wrap fullsize' style='background-color: #342f29;  '  ><div class='container' ><div class='template-page content  av-content-full alpha units'><div class='post-entry post-entry-type-page post-entry-126'><div class='entry-content-wrapper clearfix'>\n<div   data-autoplay='false'  data-interval='5'  data-animation='slide'  class='avia-logo-element-container av-border-deactivate avia-logo-grid avia-content-slider avia-smallarrow-slider avia-content-grid-active noHover avia-content-slider1 avia-content-slider-even  avia-builder-el-7  avia-builder-el-no-sibling  ' ><div class='avia-smallarrow-slider-heading  no-logo-slider-heading '><div class='new-special-heading'>&nbsp;<\/div><\/div><div class='avia-content-slider-inner'><div class='slide-entry-wrap' ><div  class='slide-entry flex_column no_margin post-entry slide-entry-overview slide-loop-1 slide-parity-odd  av_one_eighth first real-thumbnail'><\/div><div  class='slide-entry flex_column no_margin post-entry slide-entry-overview slide-loop-2 slide-parity-even  av_one_eighth  real-thumbnail'><\/div><div  class='slide-entry flex_column no_margin post-entry slide-entry-overview slide-loop-3 slide-parity-odd  av_one_eighth  real-thumbnail'><\/div><div data-avia-tooltip=\"Serlachius\" class='slide-entry flex_column no_margin post-entry slide-entry-overview slide-loop-4 slide-parity-even  av_one_eighth  real-thumbnail'><a href='http:\/\/serlachius.fi\/en\/' data-rel='slide-1' class='slide-image' title='' target=\"_blank\" rel=\"noopener\"><img loading=\"lazy\" decoding=\"async\" width=\"467\" height=\"55\" src=\"https:\/\/ravintolagosta.fi\/RG\/wp-content\/uploads\/Serlachius_valkoinen-2.png\" class=\"attachment-no scaling size-no scaling\" alt=\"\" srcset=\"https:\/\/ravintolagosta.fi\/RG\/wp-content\/uploads\/Serlachius_valkoinen-2.png 467w, https:\/\/ravintolagosta.fi\/RG\/wp-content\/uploads\/Serlachius_valkoinen-2-300x35.png 300w\" sizes=\"(max-width: 467px) 100vw, 467px\" \/><\/a><\/div><div data-avia-tooltip=\"Serlachius\" class='slide-entry flex_column no_margin post-entry slide-entry-overview slide-loop-5 slide-parity-odd  av_one_eighth  real-thumbnail'><a href='http:\/\/serlachius.fi\/en\/' data-rel='slide-1' class='slide-image' title='' target=\"_blank\" rel=\"noopener\"><\/a><\/div><div data-avia-tooltip=\"Serlachius\" class='slide-entry flex_column no_margin post-entry slide-entry-overview slide-loop-6 slide-parity-even  av_one_eighth  real-thumbnail'><a href='http:\/\/serlachius.fi\/en\/' data-rel='slide-1' class='slide-image' title='' target=\"_blank\" rel=\"noopener\"><\/a><\/div><div data-avia-tooltip=\"Serlachius\" class='slide-entry flex_column no_margin post-entry slide-entry-overview slide-loop-7 slide-parity-odd  av_one_eighth  real-thumbnail'><a href='http:\/\/serlachius.fi\/en\/' data-rel='slide-1' class='slide-image' title='' target=\"_blank\" rel=\"noopener\"><\/a><\/div><div data-avia-tooltip=\"Serlachius\" class='slide-entry flex_column no_margin post-entry slide-entry-overview slide-loop-8 slide-parity-even  post-entry-last  av_one_eighth  real-thumbnail'><a href='http:\/\/serlachius.fi\/en\/' data-rel='slide-1' class='slide-image' title='' target=\"_blank\" rel=\"noopener\"><\/a><\/div><\/div><\/div><\/div>\n\n","protected":false},"excerpt":{"rendered":"","protected":false},"author":3,"featured_media":0,"parent":0,"menu_order":0,"comment_status":"closed","ping_status":"closed","template":"","meta":{"footnotes":""},"class_list":["post-126","page","type-page","status-publish","hentry"],"yoast_head":"<!-- This site is optimized with the Yoast SEO plugin v23.4 - https:\/\/yoast.com\/wordpress\/plugins\/seo\/ -->\n<title>Food and Drinks<\/title>\n<meta name=\"robots\" content=\"index, follow, max-snippet:-1, max-image-preview:large, max-video-preview:-1\" \/>\n<link rel=\"canonical\" href=\"https:\/\/ravintolagosta.fi\/en\/food-drink\/\" \/>\n<meta property=\"og:locale\" content=\"en_US\" \/>\n<meta property=\"og:type\" content=\"article\" \/>\n<meta property=\"og:title\" content=\"Food and Drinks\" \/>\n<meta property=\"og:url\" content=\"https:\/\/ravintolagosta.fi\/en\/food-drink\/\" \/>\n<meta property=\"og:site_name\" content=\"Ravintola G\u00f6sta\" \/>\n<meta property=\"article:publisher\" content=\"https:\/\/facebook.com\/gostaravintola\/\" \/>\n<meta property=\"article:modified_time\" content=\"2026-04-28T12:23:54+00:00\" \/>\n<meta property=\"og:image\" content=\"https:\/\/ravintolagosta.fi\/RG\/wp-content\/uploads\/5.jpg\" \/>\n\t<meta property=\"og:image:width\" content=\"1500\" \/>\n\t<meta property=\"og:image:height\" content=\"1500\" \/>\n\t<meta property=\"og:image:type\" content=\"image\/jpeg\" \/>\n<meta name=\"twitter:card\" content=\"summary_large_image\" \/>\n<meta name=\"twitter:site\" content=\"@ravintolagosta\" \/>\n<meta name=\"twitter:label1\" content=\"Est. reading time\" \/>\n\t<meta name=\"twitter:data1\" content=\"4 minutes\" \/>\n<script type=\"application\/ld+json\" class=\"yoast-schema-graph\">{\"@context\":\"https:\/\/schema.org\",\"@graph\":[{\"@type\":\"WebPage\",\"@id\":\"https:\/\/ravintolagosta.fi\/en\/food-drink\/\",\"url\":\"https:\/\/ravintolagosta.fi\/en\/food-drink\/\",\"name\":\"Food and Drinks\",\"isPartOf\":{\"@id\":\"https:\/\/ravintolagosta.fi\/#website\"},\"datePublished\":\"2014-08-25T10:08:43+00:00\",\"dateModified\":\"2026-04-28T12:23:54+00:00\",\"breadcrumb\":{\"@id\":\"https:\/\/ravintolagosta.fi\/en\/food-drink\/#breadcrumb\"},\"inLanguage\":\"en-US\",\"potentialAction\":[{\"@type\":\"ReadAction\",\"target\":[\"https:\/\/ravintolagosta.fi\/en\/food-drink\/\"]}]},{\"@type\":\"BreadcrumbList\",\"@id\":\"https:\/\/ravintolagosta.fi\/en\/food-drink\/#breadcrumb\",\"itemListElement\":[{\"@type\":\"ListItem\",\"position\":1,\"name\":\"Home\",\"item\":\"https:\/\/ravintolagosta.fi\/en\/\"},{\"@type\":\"ListItem\",\"position\":2,\"name\":\"FOOD &#038; DRINK\"}]},{\"@type\":\"WebSite\",\"@id\":\"https:\/\/ravintolagosta.fi\/#website\",\"url\":\"https:\/\/ravintolagosta.fi\/\",\"name\":\"Ravintola G\u00f6sta\",\"description\":\"Tervetuloa nauttimaan kiireett\u00f6m\u00e4st\u00e4 ruokailuhetkest\u00e4 Ravintola G\u00f6staan!\",\"publisher\":{\"@id\":\"https:\/\/ravintolagosta.fi\/#organization\"},\"potentialAction\":[{\"@type\":\"SearchAction\",\"target\":{\"@type\":\"EntryPoint\",\"urlTemplate\":\"https:\/\/ravintolagosta.fi\/?s={search_term_string}\"},\"query-input\":{\"@type\":\"PropertyValueSpecification\",\"valueRequired\":true,\"valueName\":\"search_term_string\"}}],\"inLanguage\":\"en-US\"},{\"@type\":\"Organization\",\"@id\":\"https:\/\/ravintolagosta.fi\/#organization\",\"name\":\"Joenniemen ravintolat Oy\",\"url\":\"https:\/\/ravintolagosta.fi\/\",\"logo\":{\"@type\":\"ImageObject\",\"inLanguage\":\"en-US\",\"@id\":\"https:\/\/ravintolagosta.fi\/#\/schema\/logo\/image\/\",\"url\":\"https:\/\/ravintolagosta.fi\/RG\/wp-content\/uploads\/logo1.png\",\"contentUrl\":\"https:\/\/ravintolagosta.fi\/RG\/wp-content\/uploads\/logo1.png\",\"width\":832,\"height\":633,\"caption\":\"Joenniemen ravintolat Oy\"},\"image\":{\"@id\":\"https:\/\/ravintolagosta.fi\/#\/schema\/logo\/image\/\"},\"sameAs\":[\"https:\/\/facebook.com\/gostaravintola\/\",\"https:\/\/x.com\/ravintolagosta\"]}]}<\/script>\n<!-- \/ Yoast SEO plugin. -->","yoast_head_json":{"title":"Food and Drinks","robots":{"index":"index","follow":"follow","max-snippet":"max-snippet:-1","max-image-preview":"max-image-preview:large","max-video-preview":"max-video-preview:-1"},"canonical":"https:\/\/ravintolagosta.fi\/en\/food-drink\/","og_locale":"en_US","og_type":"article","og_title":"Food and Drinks","og_url":"https:\/\/ravintolagosta.fi\/en\/food-drink\/","og_site_name":"Ravintola G\u00f6sta","article_publisher":"https:\/\/facebook.com\/gostaravintola\/","article_modified_time":"2026-04-28T12:23:54+00:00","og_image":[{"width":1500,"height":1500,"url":"https:\/\/ravintolagosta.fi\/RG\/wp-content\/uploads\/5.jpg","type":"image\/jpeg"}],"twitter_card":"summary_large_image","twitter_site":"@ravintolagosta","twitter_misc":{"Est. reading time":"4 minutes"},"schema":{"@context":"https:\/\/schema.org","@graph":[{"@type":"WebPage","@id":"https:\/\/ravintolagosta.fi\/en\/food-drink\/","url":"https:\/\/ravintolagosta.fi\/en\/food-drink\/","name":"Food and Drinks","isPartOf":{"@id":"https:\/\/ravintolagosta.fi\/#website"},"datePublished":"2014-08-25T10:08:43+00:00","dateModified":"2026-04-28T12:23:54+00:00","breadcrumb":{"@id":"https:\/\/ravintolagosta.fi\/en\/food-drink\/#breadcrumb"},"inLanguage":"en-US","potentialAction":[{"@type":"ReadAction","target":["https:\/\/ravintolagosta.fi\/en\/food-drink\/"]}]},{"@type":"BreadcrumbList","@id":"https:\/\/ravintolagosta.fi\/en\/food-drink\/#breadcrumb","itemListElement":[{"@type":"ListItem","position":1,"name":"Home","item":"https:\/\/ravintolagosta.fi\/en\/"},{"@type":"ListItem","position":2,"name":"FOOD &#038; DRINK"}]},{"@type":"WebSite","@id":"https:\/\/ravintolagosta.fi\/#website","url":"https:\/\/ravintolagosta.fi\/","name":"Ravintola G\u00f6sta","description":"Tervetuloa nauttimaan kiireett\u00f6m\u00e4st\u00e4 ruokailuhetkest\u00e4 Ravintola G\u00f6staan!","publisher":{"@id":"https:\/\/ravintolagosta.fi\/#organization"},"potentialAction":[{"@type":"SearchAction","target":{"@type":"EntryPoint","urlTemplate":"https:\/\/ravintolagosta.fi\/?s={search_term_string}"},"query-input":{"@type":"PropertyValueSpecification","valueRequired":true,"valueName":"search_term_string"}}],"inLanguage":"en-US"},{"@type":"Organization","@id":"https:\/\/ravintolagosta.fi\/#organization","name":"Joenniemen ravintolat Oy","url":"https:\/\/ravintolagosta.fi\/","logo":{"@type":"ImageObject","inLanguage":"en-US","@id":"https:\/\/ravintolagosta.fi\/#\/schema\/logo\/image\/","url":"https:\/\/ravintolagosta.fi\/RG\/wp-content\/uploads\/logo1.png","contentUrl":"https:\/\/ravintolagosta.fi\/RG\/wp-content\/uploads\/logo1.png","width":832,"height":633,"caption":"Joenniemen ravintolat Oy"},"image":{"@id":"https:\/\/ravintolagosta.fi\/#\/schema\/logo\/image\/"},"sameAs":["https:\/\/facebook.com\/gostaravintola\/","https:\/\/x.com\/ravintolagosta"]}]}},"_links":{"self":[{"href":"https:\/\/ravintolagosta.fi\/en\/wp-json\/wp\/v2\/pages\/126"}],"collection":[{"href":"https:\/\/ravintolagosta.fi\/en\/wp-json\/wp\/v2\/pages"}],"about":[{"href":"https:\/\/ravintolagosta.fi\/en\/wp-json\/wp\/v2\/types\/page"}],"author":[{"embeddable":true,"href":"https:\/\/ravintolagosta.fi\/en\/wp-json\/wp\/v2\/users\/3"}],"replies":[{"embeddable":true,"href":"https:\/\/ravintolagosta.fi\/en\/wp-json\/wp\/v2\/comments?post=126"}],"version-history":[{"count":208,"href":"https:\/\/ravintolagosta.fi\/en\/wp-json\/wp\/v2\/pages\/126\/revisions"}],"predecessor-version":[{"id":730,"href":"https:\/\/ravintolagosta.fi\/en\/wp-json\/wp\/v2\/pages\/126\/revisions\/730"}],"wp:attachment":[{"href":"https:\/\/ravintolagosta.fi\/en\/wp-json\/wp\/v2\/media?parent=126"}],"curies":[{"name":"wp","href":"https:\/\/api.w.org\/{rel}","templated":true}]}}