{"id":129,"date":"2014-08-25T12:44:48","date_gmt":"2014-08-25T09:44:48","guid":{"rendered":"http:\/\/ravintolagosta.fi\/dev2\/etusivu-2\/"},"modified":"2025-06-01T09:29:13","modified_gmt":"2025-06-01T06:29:13","slug":"home","status":"publish","type":"page","link":"https:\/\/ravintolagosta.fi\/en\/","title":{"rendered":"HOME"},"content":{"rendered":"<div id='full_slider_1'  class='avia-fullwidth-slider main_color avia-shadow   avia-builder-el-0  el_before_av_two_third  avia-builder-el-first   container_wrap fullsize' style=' '  ><div   data-size='featured'  data-lightbox_size='large'  data-animation='fade'  data-conditional_play=''  data-ids='4150'  data-video_counter='0'  data-autoplay='true'  data-bg_slider='false'  data-slide_height=''  data-handle='av_slideshow_full'  data-interval='5'  data-class=' '  data-el_id=''  data-css_id=''  data-scroll_down=''  data-control_layout='av-control-default'  data-custom_markup=''  data-perma_caption=''  data-autoplay_stopper=''  data-image_attachment=''  data-min_height='0px'  data-src=''  data-position='top left'  data-repeat='no-repeat'  data-attach='scroll'  data-stretch=''  data-default-height='28.6666666667'  class='avia-slideshow avia-slideshow-1  av-control-default av-default-height-applied avia-slideshow-featured av_slideshow_full   avia-fade-slider '  itemprop=\"image\" itemscope=\"itemscope\" itemtype=\"https:\/\/schema.org\/ImageObject\" ><ul class='avia-slideshow-inner ' style='padding-bottom: 28.6666666667%;' ><li  class=' av-single-slide slide-1 ' ><div data-rel='slideshow-1' class='avia-slide-wrap '   ><img src='https:\/\/ravintolagosta.fi\/RG\/wp-content\/uploads\/Ravintola-Sali-1500x430.jpg' width='1500' height='430' title='Ravintola Sali' alt=''  itemprop=\"thumbnailUrl\"   \/><\/div><\/li><\/ul><\/div><\/div><div id='after_full_slider_1'  class='main_color av_default_container_wrap container_wrap fullsize' style=' '  ><div class='container' ><div class='template-page content  av-content-full alpha units'><div class='post-entry post-entry-type-page post-entry-129'><div class='entry-content-wrapper clearfix'>\n<div class=\"flex_column av_two_third  flex_column_div av-zero-column-padding first  avia-builder-el-1  el_after_av_slideshow_full  el_before_av_one_third  avia-builder-el-first  \" style='border-radius:0px; '><section class=\"av_textblock_section \"  itemscope=\"itemscope\" itemtype=\"https:\/\/schema.org\/CreativeWork\" ><div class='avia_textblock  '   itemprop=\"text\" ><h2 class=\"page-entry-title\">Restaurant\u00a0G\u00f6sta<\/h2>\n<p><strong>Enjoy a delicious lunch or drop in for a refreshing cup of coffee?<br \/>\n<\/strong>Or perhaps arrange a special event for your guests accompanied by some delicious delicacies?<\/p>\n<p>Restaurant G\u00f6sta can arrange lunches for groups, catering for meetings, and provide refreshments for a larger number of people. The restaurant can also organise sophisticated dinners with wine recommendations. Whether your group is small or large, the restaurant staff is available to serve you with great professional skills.<\/p>\n<p>Always remember to book meal services for groups in advance by calling the restaurant G\u00f6sta on tel.<a href=\"tel:+358407085572\">+358 40 708 5572<\/a>.<\/p>\n<h2 class=\"page-entry-title\">Serlachius-museums<\/h2>\n<p>Amid the exquisite beauty of Finnish Lakeland lies one of Finland\u2019s most prominent museum complexes, Serlachius Museums, offering <strong>memorable experiences to lovers of art, history, good food and nature<\/strong>: Two museums, three museum buildings.<\/p>\n<p><strong>Several exhibitions<\/strong>: big names in contemporary art, masters of the Golden Age, a dramatised history of the early days of the paper industry. <strong>G\u00f6sta&#8217;s sculpture garden. Taavetinsaari island. Two museum shops.<\/strong> Restaurant G\u00f6sta&#8217;s pristine flavours. Bicycles, Nordic walking poles and rowing boats to borrow.<\/p>\n<\/div><\/section><\/div>\n<div class=\"flex_column av_one_third  flex_column_div av-zero-column-padding   avia-builder-el-3  el_after_av_two_third  el_before_av_section  avia-builder-el-last  \" style='border-radius:0px; '><p><section class=\"av_textblock_section \"  itemscope=\"itemscope\" itemtype=\"https:\/\/schema.org\/CreativeWork\" ><div class='avia_textblock  '   itemprop=\"text\" ><p><strong>From 1st of june ( 1.6 &#8211; 31.8 ) Restaurant G\u00f6sta is open daily ( 1100 &#8211; 1730 )<\/strong><\/p>\n<p><strong>The kitchen closes 30 mins before close.<\/strong><\/p>\n<p>Closed Good Friday, Finnish Independence Day 6.12., Christmas Eve 24.12. Christmas Day 25.12., New Year&#8217;s Eve 31.12.<\/p>\n<p>\u2022Other times available for groups on request<\/p>\n<p><strong>Contact info<\/strong><br \/>\nJoenniementie 47, M\u00e4ntt\u00e4<br \/>\n<a href=\"tel:+3587085572\">+358 (40) 708 5572<\/a><br \/>\n<a href=\"mailto:ravintola@ravintolagosta.fi\">ravintola@ravintolagosta.fi<\/a><\/p>\n<\/div><\/section><br \/>\n<div  class='avia-builder-widget-area clearfix  avia-builder-el-5  el_after_av_textblock  avia-builder-el-last '><div id=\"newsbox-8\" class=\"widget clearfix newsbox\"><h3 class=\"widgettitle\">Tapahtumat<\/h3><ul class=\"news-wrap image_size_widget\"><li class=\"news-content post-format-standard\"><a class='news-link' title='Christmas party at G\u00f6sta 2022' href='https:\/\/ravintolagosta.fi\/en\/christmas-party-at-gosta-2022\/'><span class='news-thumb '><img loading=\"lazy\" decoding=\"async\" width=\"36\" height=\"36\" src=\"https:\/\/ravintolagosta.fi\/RG\/wp-content\/uploads\/joululounas2021-copy-36x36.jpeg\" class=\"attachment-widget size-widget wp-post-image\" alt=\"\" srcset=\"https:\/\/ravintolagosta.fi\/RG\/wp-content\/uploads\/joululounas2021-copy-36x36.jpeg 36w, https:\/\/ravintolagosta.fi\/RG\/wp-content\/uploads\/joululounas2021-copy-80x80.jpeg 80w, https:\/\/ravintolagosta.fi\/RG\/wp-content\/uploads\/joululounas2021-copy-180x180.jpeg 180w\" sizes=\"(max-width: 36px) 100vw, 36px\" \/><\/span><strong class='news-headline'>Christmas party at G\u00f6sta 2022<span class='news-time'>06\/10\/2022 - 15:12<\/span><\/strong><\/a><div class='news-excerpt'><p>Christmas party at G\u00f6sta 2022 Welcome to an atmospheric and delicious party in the unique surroundings of the Serlachius Museum. You can choose between the new Taidesauna, one of Finland&#8217;s most beautiful representational saunas, the historic Auteree tupa or the stylish restaurant G\u00f6sta&#8217;s hall. In all of these you can celebrate in your own peace [&hellip;]<\/p>\n<\/div><\/li><li class=\"news-content post-format-standard\"><a class='news-link' title='Fathers day at Restaurant G\u00f6sta 13.11.2022' href='https:\/\/ravintolagosta.fi\/en\/fathers-day-at-restaurant-gosta-13-11-2022\/'><span class='news-thumb '><img loading=\"lazy\" decoding=\"async\" width=\"36\" height=\"36\" src=\"https:\/\/ravintolagosta.fi\/RG\/wp-content\/uploads\/Isa\u0308npa\u0308iva\u0308-36x36.jpeg\" class=\"attachment-widget size-widget wp-post-image\" alt=\"\" srcset=\"https:\/\/ravintolagosta.fi\/RG\/wp-content\/uploads\/Isa\u0308npa\u0308iva\u0308-36x36.jpeg 36w, https:\/\/ravintolagosta.fi\/RG\/wp-content\/uploads\/Isa\u0308npa\u0308iva\u0308-80x80.jpeg 80w, https:\/\/ravintolagosta.fi\/RG\/wp-content\/uploads\/Isa\u0308npa\u0308iva\u0308-180x180.jpeg 180w\" sizes=\"(max-width: 36px) 100vw, 36px\" \/><\/span><strong class='news-headline'>Fathers day at Restaurant G\u00f6sta 13.11.2022<span class='news-time'>06\/10\/2022 - 15:09<\/span><\/strong><\/a><div class='news-excerpt'><p>&nbsp; Restaurant G\u00f6sta&#8217;s Father&#8217;s Day 13 November 2022 On the second Sunday of November, it&#8217;s time to celebrate wonderful fathers again. Welcome the whole family to enjoy the Father&#8217;s Day lunch served at the tables of restaurant G\u00f6sta. Reservations can be made at https:\/\/ravintolagosta.fi\/en\/book-a-table\/ or 040-7085545 &nbsp; Father&#8217;s Day menu Charred rainbow salmon, sprouts salad [&hellip;]<\/p>\n<\/div><\/li><\/ul><\/div><\/div><\/p><\/div><\/div><\/div><\/div><!-- close content main div --><\/div><\/div><div id='brands'  class='avia-section main_color avia-section-default avia-no-border-styling avia-bg-style-scroll   container_wrap fullsize' style='background-color: #342f29;  '  ><div class='container' ><div class='template-page content  av-content-full alpha units'><div class='post-entry post-entry-type-page post-entry-129'><div class='entry-content-wrapper clearfix'>\n<div   data-autoplay='false'  data-interval='5'  data-animation='slide'  class='avia-logo-element-container av-border-deactivate avia-logo-grid avia-content-slider avia-smallarrow-slider avia-content-grid-active noHover avia-content-slider1 avia-content-slider-even  ' ><div class='avia-smallarrow-slider-heading  no-logo-slider-heading '><div class='new-special-heading'>&nbsp;<\/div><\/div><div class='avia-content-slider-inner'><div class='slide-entry-wrap' ><div  class='slide-entry flex_column no_margin post-entry slide-entry-overview slide-loop-1 slide-parity-odd  av_one_eighth first real-thumbnail'><\/div><div  class='slide-entry flex_column no_margin post-entry slide-entry-overview slide-loop-2 slide-parity-even  av_one_eighth  real-thumbnail'><\/div><div  class='slide-entry flex_column no_margin post-entry slide-entry-overview slide-loop-3 slide-parity-odd  av_one_eighth  real-thumbnail'><\/div><div data-avia-tooltip=\"Serlachius\" class='slide-entry flex_column no_margin post-entry slide-entry-overview slide-loop-4 slide-parity-even  av_one_eighth  real-thumbnail'><a href='http:\/\/serlachius.fi\/en\/' data-rel='slide-1' class='slide-image' title='' target=\"_blank\" rel=\"noopener\"><img loading=\"lazy\" decoding=\"async\" width=\"467\" height=\"55\" src=\"https:\/\/ravintolagosta.fi\/RG\/wp-content\/uploads\/Serlachius_valkoinen-2.png\" class=\"attachment-no scaling size-no scaling\" alt=\"\" srcset=\"https:\/\/ravintolagosta.fi\/RG\/wp-content\/uploads\/Serlachius_valkoinen-2.png 467w, https:\/\/ravintolagosta.fi\/RG\/wp-content\/uploads\/Serlachius_valkoinen-2-300x35.png 300w\" sizes=\"(max-width: 467px) 100vw, 467px\" \/><\/a><\/div><div data-avia-tooltip=\"Serlachius\" class='slide-entry flex_column no_margin post-entry slide-entry-overview slide-loop-5 slide-parity-odd  av_one_eighth  real-thumbnail'><a href='http:\/\/serlachius.fi\/en\/' data-rel='slide-1' class='slide-image' title='' target=\"_blank\" rel=\"noopener\"><\/a><\/div><div data-avia-tooltip=\"Serlachius\" class='slide-entry flex_column no_margin post-entry slide-entry-overview slide-loop-6 slide-parity-even  av_one_eighth  real-thumbnail'><a href='http:\/\/serlachius.fi\/en\/' data-rel='slide-1' class='slide-image' title='' target=\"_blank\" rel=\"noopener\"><\/a><\/div><div data-avia-tooltip=\"Serlachius\" class='slide-entry flex_column no_margin post-entry slide-entry-overview slide-loop-7 slide-parity-odd  av_one_eighth  real-thumbnail'><a href='http:\/\/serlachius.fi\/en\/' data-rel='slide-1' class='slide-image' title='' target=\"_blank\" rel=\"noopener\"><\/a><\/div><div data-avia-tooltip=\"Serlachius\" class='slide-entry flex_column no_margin post-entry slide-entry-overview slide-loop-8 slide-parity-even  post-entry-last  av_one_eighth  real-thumbnail'><a href='http:\/\/serlachius.fi\/en\/' data-rel='slide-1' class='slide-image' title='' target=\"_blank\" rel=\"noopener\"><\/a><\/div><\/div><\/div><\/div>\n<\/p>\n","protected":false},"excerpt":{"rendered":"","protected":false},"author":3,"featured_media":0,"parent":0,"menu_order":0,"comment_status":"open","ping_status":"closed","template":"","meta":{"footnotes":""},"class_list":["post-129","page","type-page","status-publish","hentry"],"yoast_head":"<!-- This site is optimized with the Yoast SEO plugin v23.4 - https:\/\/yoast.com\/wordpress\/plugins\/seo\/ -->\n<title>Restaurant G\u00f6sta - Home<\/title>\n<meta name=\"description\" content=\"At Restaurant G\u00f6sta, as the basis of taste experiences, our chefs Henry Tikkanen and Pekka Ter\u00e4v\u00e4 select local, quality ingredients according to season.\" \/>\n<meta name=\"robots\" content=\"index, follow, max-snippet:-1, max-image-preview:large, max-video-preview:-1\" \/>\n<link rel=\"canonical\" href=\"https:\/\/ravintolagosta.fi\/en\/\" \/>\n<meta property=\"og:locale\" content=\"en_US\" \/>\n<meta property=\"og:type\" content=\"article\" \/>\n<meta property=\"og:title\" content=\"Restaurant G\u00f6sta - Home\" \/>\n<meta property=\"og:description\" content=\"At Restaurant G\u00f6sta, as the basis of taste experiences, our chefs Henry Tikkanen and Pekka Ter\u00e4v\u00e4 select local, quality ingredients according to season.\" \/>\n<meta property=\"og:url\" content=\"https:\/\/ravintolagosta.fi\/en\/\" \/>\n<meta property=\"og:site_name\" content=\"Ravintola G\u00f6sta\" \/>\n<meta property=\"article:publisher\" content=\"https:\/\/facebook.com\/gostaravintola\/\" \/>\n<meta property=\"article:modified_time\" content=\"2025-06-01T06:29:13+00:00\" \/>\n<meta property=\"og:image\" content=\"https:\/\/ravintolagosta.fi\/RG\/wp-content\/uploads\/5.jpg\" \/>\n\t<meta property=\"og:image:width\" content=\"1500\" \/>\n\t<meta property=\"og:image:height\" content=\"1500\" \/>\n\t<meta property=\"og:image:type\" content=\"image\/jpeg\" \/>\n<meta name=\"twitter:card\" content=\"summary_large_image\" \/>\n<meta name=\"twitter:site\" content=\"@ravintolagosta\" \/>\n<meta name=\"twitter:label1\" content=\"Est. reading time\" \/>\n\t<meta name=\"twitter:data1\" content=\"3 minutes\" \/>\n<script type=\"application\/ld+json\" class=\"yoast-schema-graph\">{\"@context\":\"https:\/\/schema.org\",\"@graph\":[{\"@type\":\"WebPage\",\"@id\":\"https:\/\/ravintolagosta.fi\/en\/\",\"url\":\"https:\/\/ravintolagosta.fi\/en\/\",\"name\":\"Restaurant G\u00f6sta - Home\",\"isPartOf\":{\"@id\":\"https:\/\/ravintolagosta.fi\/#website\"},\"datePublished\":\"2014-08-25T09:44:48+00:00\",\"dateModified\":\"2025-06-01T06:29:13+00:00\",\"description\":\"At Restaurant G\u00f6sta, as the basis of taste experiences, our chefs Henry Tikkanen and Pekka Ter\u00e4v\u00e4 select local, quality ingredients according to season.\",\"breadcrumb\":{\"@id\":\"https:\/\/ravintolagosta.fi\/en\/#breadcrumb\"},\"inLanguage\":\"en-US\",\"potentialAction\":[{\"@type\":\"ReadAction\",\"target\":[\"https:\/\/ravintolagosta.fi\/en\/\"]}]},{\"@type\":\"BreadcrumbList\",\"@id\":\"https:\/\/ravintolagosta.fi\/en\/#breadcrumb\",\"itemListElement\":[{\"@type\":\"ListItem\",\"position\":1,\"name\":\"Home\",\"item\":\"https:\/\/ravintolagosta.fi\/en\/\"},{\"@type\":\"ListItem\",\"position\":2,\"name\":\"HOME\"}]},{\"@type\":\"WebSite\",\"@id\":\"https:\/\/ravintolagosta.fi\/#website\",\"url\":\"https:\/\/ravintolagosta.fi\/\",\"name\":\"Ravintola G\u00f6sta\",\"description\":\"Tervetuloa nauttimaan kiireett\u00f6m\u00e4st\u00e4 ruokailuhetkest\u00e4 Ravintola G\u00f6staan!\",\"publisher\":{\"@id\":\"https:\/\/ravintolagosta.fi\/#organization\"},\"potentialAction\":[{\"@type\":\"SearchAction\",\"target\":{\"@type\":\"EntryPoint\",\"urlTemplate\":\"https:\/\/ravintolagosta.fi\/?s={search_term_string}\"},\"query-input\":{\"@type\":\"PropertyValueSpecification\",\"valueRequired\":true,\"valueName\":\"search_term_string\"}}],\"inLanguage\":\"en-US\"},{\"@type\":\"Organization\",\"@id\":\"https:\/\/ravintolagosta.fi\/#organization\",\"name\":\"Joenniemen ravintolat Oy\",\"url\":\"https:\/\/ravintolagosta.fi\/\",\"logo\":{\"@type\":\"ImageObject\",\"inLanguage\":\"en-US\",\"@id\":\"https:\/\/ravintolagosta.fi\/#\/schema\/logo\/image\/\",\"url\":\"https:\/\/ravintolagosta.fi\/RG\/wp-content\/uploads\/logo1.png\",\"contentUrl\":\"https:\/\/ravintolagosta.fi\/RG\/wp-content\/uploads\/logo1.png\",\"width\":832,\"height\":633,\"caption\":\"Joenniemen ravintolat Oy\"},\"image\":{\"@id\":\"https:\/\/ravintolagosta.fi\/#\/schema\/logo\/image\/\"},\"sameAs\":[\"https:\/\/facebook.com\/gostaravintola\/\",\"https:\/\/x.com\/ravintolagosta\"]}]}<\/script>\n<!-- \/ Yoast SEO plugin. -->","yoast_head_json":{"title":"Restaurant G\u00f6sta - Home","description":"At Restaurant G\u00f6sta, as the basis of taste experiences, our chefs Henry Tikkanen and Pekka Ter\u00e4v\u00e4 select local, quality ingredients according to season.","robots":{"index":"index","follow":"follow","max-snippet":"max-snippet:-1","max-image-preview":"max-image-preview:large","max-video-preview":"max-video-preview:-1"},"canonical":"https:\/\/ravintolagosta.fi\/en\/","og_locale":"en_US","og_type":"article","og_title":"Restaurant G\u00f6sta - Home","og_description":"At Restaurant G\u00f6sta, as the basis of taste experiences, our chefs Henry Tikkanen and Pekka Ter\u00e4v\u00e4 select local, quality ingredients according to season.","og_url":"https:\/\/ravintolagosta.fi\/en\/","og_site_name":"Ravintola G\u00f6sta","article_publisher":"https:\/\/facebook.com\/gostaravintola\/","article_modified_time":"2025-06-01T06:29:13+00:00","og_image":[{"width":1500,"height":1500,"url":"https:\/\/ravintolagosta.fi\/RG\/wp-content\/uploads\/5.jpg","type":"image\/jpeg"}],"twitter_card":"summary_large_image","twitter_site":"@ravintolagosta","twitter_misc":{"Est. reading time":"3 minutes"},"schema":{"@context":"https:\/\/schema.org","@graph":[{"@type":"WebPage","@id":"https:\/\/ravintolagosta.fi\/en\/","url":"https:\/\/ravintolagosta.fi\/en\/","name":"Restaurant G\u00f6sta - Home","isPartOf":{"@id":"https:\/\/ravintolagosta.fi\/#website"},"datePublished":"2014-08-25T09:44:48+00:00","dateModified":"2025-06-01T06:29:13+00:00","description":"At Restaurant G\u00f6sta, as the basis of taste experiences, our chefs Henry Tikkanen and Pekka Ter\u00e4v\u00e4 select local, quality ingredients according to season.","breadcrumb":{"@id":"https:\/\/ravintolagosta.fi\/en\/#breadcrumb"},"inLanguage":"en-US","potentialAction":[{"@type":"ReadAction","target":["https:\/\/ravintolagosta.fi\/en\/"]}]},{"@type":"BreadcrumbList","@id":"https:\/\/ravintolagosta.fi\/en\/#breadcrumb","itemListElement":[{"@type":"ListItem","position":1,"name":"Home","item":"https:\/\/ravintolagosta.fi\/en\/"},{"@type":"ListItem","position":2,"name":"HOME"}]},{"@type":"WebSite","@id":"https:\/\/ravintolagosta.fi\/#website","url":"https:\/\/ravintolagosta.fi\/","name":"Ravintola G\u00f6sta","description":"Tervetuloa nauttimaan kiireett\u00f6m\u00e4st\u00e4 ruokailuhetkest\u00e4 Ravintola G\u00f6staan!","publisher":{"@id":"https:\/\/ravintolagosta.fi\/#organization"},"potentialAction":[{"@type":"SearchAction","target":{"@type":"EntryPoint","urlTemplate":"https:\/\/ravintolagosta.fi\/?s={search_term_string}"},"query-input":{"@type":"PropertyValueSpecification","valueRequired":true,"valueName":"search_term_string"}}],"inLanguage":"en-US"},{"@type":"Organization","@id":"https:\/\/ravintolagosta.fi\/#organization","name":"Joenniemen ravintolat Oy","url":"https:\/\/ravintolagosta.fi\/","logo":{"@type":"ImageObject","inLanguage":"en-US","@id":"https:\/\/ravintolagosta.fi\/#\/schema\/logo\/image\/","url":"https:\/\/ravintolagosta.fi\/RG\/wp-content\/uploads\/logo1.png","contentUrl":"https:\/\/ravintolagosta.fi\/RG\/wp-content\/uploads\/logo1.png","width":832,"height":633,"caption":"Joenniemen ravintolat Oy"},"image":{"@id":"https:\/\/ravintolagosta.fi\/#\/schema\/logo\/image\/"},"sameAs":["https:\/\/facebook.com\/gostaravintola\/","https:\/\/x.com\/ravintolagosta"]}]}},"_links":{"self":[{"href":"https:\/\/ravintolagosta.fi\/en\/wp-json\/wp\/v2\/pages\/129"}],"collection":[{"href":"https:\/\/ravintolagosta.fi\/en\/wp-json\/wp\/v2\/pages"}],"about":[{"href":"https:\/\/ravintolagosta.fi\/en\/wp-json\/wp\/v2\/types\/page"}],"author":[{"embeddable":true,"href":"https:\/\/ravintolagosta.fi\/en\/wp-json\/wp\/v2\/users\/3"}],"replies":[{"embeddable":true,"href":"https:\/\/ravintolagosta.fi\/en\/wp-json\/wp\/v2\/comments?post=129"}],"version-history":[{"count":63,"href":"https:\/\/ravintolagosta.fi\/en\/wp-json\/wp\/v2\/pages\/129\/revisions"}],"predecessor-version":[{"id":4713,"href":"https:\/\/ravintolagosta.fi\/en\/wp-json\/wp\/v2\/pages\/129\/revisions\/4713"}],"wp:attachment":[{"href":"https:\/\/ravintolagosta.fi\/en\/wp-json\/wp\/v2\/media?parent=129"}],"curies":[{"name":"wp","href":"https:\/\/api.w.org\/{rel}","templated":true}]}}