{"id":132,"date":"2014-08-26T13:48:42","date_gmt":"2014-08-26T10:48:42","guid":{"rendered":"http:\/\/ravintolagosta.fi\/dev2\/lahjaksi-2\/"},"modified":"2024-04-28T15:35:32","modified_gmt":"2024-04-28T12:35:32","slug":"https-serlachius-fi-en-see-do-in-tampere-region-serlachius-art-sauna","status":"publish","type":"page","link":"https:\/\/ravintolagosta.fi\/en\/https-serlachius-fi-en-see-do-in-tampere-region-serlachius-art-sauna\/","title":{"rendered":"SERLACHIUS ART SAUNA"},"content":{"rendered":"<section class=\"av_textblock_section \"  itemscope=\"itemscope\" itemtype=\"https:\/\/schema.org\/CreativeWork\" ><div class='avia_textblock  '   itemprop=\"text\" ><p><a href=\"https:\/\/ravintolagosta.fi\/RG\/wp-content\/uploads\/Art-sauna.jpeg\"><img loading=\"lazy\" decoding=\"async\" class=\"size-medium wp-image-4546 aligncenter\" src=\"https:\/\/ravintolagosta.fi\/RG\/wp-content\/uploads\/\/Art-sauna-300x179.jpeg\" alt=\"\" width=\"300\" height=\"179\" srcset=\"https:\/\/ravintolagosta.fi\/RG\/wp-content\/uploads\/Art-sauna-300x179.jpeg 300w, https:\/\/ravintolagosta.fi\/RG\/wp-content\/uploads\/Art-sauna-768x457.jpeg 768w, https:\/\/ravintolagosta.fi\/RG\/wp-content\/uploads\/Art-sauna-1030x613.jpeg 1030w, https:\/\/ravintolagosta.fi\/RG\/wp-content\/uploads\/Art-sauna.jpeg 1500w, https:\/\/ravintolagosta.fi\/RG\/wp-content\/uploads\/Art-sauna-705x420.jpeg 705w\" sizes=\"(max-width: 300px) 100vw, 300px\" \/><\/a><\/p>\n<p><strong>\u00a0<\/strong><\/p>\n<div class=\"wp-block-column is-layout-flow wp-block-column-is-layout-flow\">\n<h2 class=\"wp-block-heading\"><strong>Art Sauna for evening relaxation, meetings and celebrations <\/strong><\/h2>\n<p>You can include in your group\u2019s Art Sauna visit a short, guided tour, presenting the sauna\u2019s architecture, art and design. In a group sauna experience, you can use the Art Sauna\u2019s towels and bench protectors, designed by the artist Satu Rautiainen. Bathrobes are also available for an additional fee.<\/p>\n<p>The sauna heat is enjoyed in an atmospheric circular steam room. Showers can be taken in the shower room connected to the changing rooms or \u2013 summer or winter \u2013 in the outside shower, featuring a mosaic work by Tuula Lehtinen. A large terrace area offers a bubble tub, but you can also take a dip in the adjacent Lake Melasj\u00e4rvi. During the sauna, you can enjoy refreshments and sauna snacks at a magnificent stone table on the terrace.<\/p>\n<p>The sauna experience is not complete without a grill. On site, freshly caught fish are prepared directly in a smoke oven or beef steaks on a barbecue. Of course, there are also vegetarian and vegan options to choose from.<\/p>\n<p><a href=\"https:\/\/serlachius.fi\/en\/see-do-in-tampere-region\/serlachius-art-sauna\/\">https:\/\/serlachius.fi\/en\/see-do-in-tampere-region\/serlachius-art-sauna\/<\/a><\/p>\n<\/div>\n<\/div><\/section>\n","protected":false},"excerpt":{"rendered":"","protected":false},"author":3,"featured_media":0,"parent":0,"menu_order":0,"comment_status":"open","ping_status":"open","template":"","meta":{"footnotes":""},"class_list":["post-132","page","type-page","status-publish","hentry"],"yoast_head":"<!-- This site is optimized with the Yoast SEO plugin v23.4 - https:\/\/yoast.com\/wordpress\/plugins\/seo\/ -->\n<title>Make a gift<\/title>\n<meta name=\"robots\" content=\"index, follow, max-snippet:-1, max-image-preview:large, max-video-preview:-1\" \/>\n<link rel=\"canonical\" href=\"https:\/\/ravintolagosta.fi\/en\/https-serlachius-fi-en-see-do-in-tampere-region-serlachius-art-sauna\/\" \/>\n<meta property=\"og:locale\" content=\"en_US\" \/>\n<meta property=\"og:type\" content=\"article\" \/>\n<meta property=\"og:title\" content=\"Make a gift\" \/>\n<meta property=\"og:url\" content=\"https:\/\/ravintolagosta.fi\/en\/https-serlachius-fi-en-see-do-in-tampere-region-serlachius-art-sauna\/\" \/>\n<meta property=\"og:site_name\" content=\"Ravintola G\u00f6sta\" \/>\n<meta property=\"article:publisher\" content=\"https:\/\/facebook.com\/gostaravintola\/\" \/>\n<meta property=\"article:modified_time\" content=\"2024-04-28T12:35:32+00:00\" \/>\n<meta property=\"og:image\" content=\"https:\/\/ravintolagosta.fi\/RG\/wp-content\/uploads\/\/Art-sauna-300x179.jpeg\" \/>\n<meta name=\"twitter:card\" content=\"summary_large_image\" \/>\n<meta name=\"twitter:site\" content=\"@ravintolagosta\" \/>\n<meta name=\"twitter:label1\" content=\"Est. reading time\" \/>\n\t<meta name=\"twitter:data1\" content=\"1 minute\" \/>\n<script type=\"application\/ld+json\" class=\"yoast-schema-graph\">{\"@context\":\"https:\/\/schema.org\",\"@graph\":[{\"@type\":\"WebPage\",\"@id\":\"https:\/\/ravintolagosta.fi\/en\/https-serlachius-fi-en-see-do-in-tampere-region-serlachius-art-sauna\/\",\"url\":\"https:\/\/ravintolagosta.fi\/en\/https-serlachius-fi-en-see-do-in-tampere-region-serlachius-art-sauna\/\",\"name\":\"Make a gift\",\"isPartOf\":{\"@id\":\"https:\/\/ravintolagosta.fi\/#website\"},\"primaryImageOfPage\":{\"@id\":\"https:\/\/ravintolagosta.fi\/en\/https-serlachius-fi-en-see-do-in-tampere-region-serlachius-art-sauna\/#primaryimage\"},\"image\":{\"@id\":\"https:\/\/ravintolagosta.fi\/en\/https-serlachius-fi-en-see-do-in-tampere-region-serlachius-art-sauna\/#primaryimage\"},\"thumbnailUrl\":\"https:\/\/ravintolagosta.fi\/RG\/wp-content\/uploads\/\/Art-sauna-300x179.jpeg\",\"datePublished\":\"2014-08-26T10:48:42+00:00\",\"dateModified\":\"2024-04-28T12:35:32+00:00\",\"breadcrumb\":{\"@id\":\"https:\/\/ravintolagosta.fi\/en\/https-serlachius-fi-en-see-do-in-tampere-region-serlachius-art-sauna\/#breadcrumb\"},\"inLanguage\":\"en-US\",\"potentialAction\":[{\"@type\":\"ReadAction\",\"target\":[\"https:\/\/ravintolagosta.fi\/en\/https-serlachius-fi-en-see-do-in-tampere-region-serlachius-art-sauna\/\"]}]},{\"@type\":\"ImageObject\",\"inLanguage\":\"en-US\",\"@id\":\"https:\/\/ravintolagosta.fi\/en\/https-serlachius-fi-en-see-do-in-tampere-region-serlachius-art-sauna\/#primaryimage\",\"url\":\"https:\/\/ravintolagosta.fi\/RG\/wp-content\/uploads\/\/Art-sauna-300x179.jpeg\",\"contentUrl\":\"https:\/\/ravintolagosta.fi\/RG\/wp-content\/uploads\/\/Art-sauna-300x179.jpeg\"},{\"@type\":\"BreadcrumbList\",\"@id\":\"https:\/\/ravintolagosta.fi\/en\/https-serlachius-fi-en-see-do-in-tampere-region-serlachius-art-sauna\/#breadcrumb\",\"itemListElement\":[{\"@type\":\"ListItem\",\"position\":1,\"name\":\"Home\",\"item\":\"https:\/\/ravintolagosta.fi\/en\/\"},{\"@type\":\"ListItem\",\"position\":2,\"name\":\"SERLACHIUS ART SAUNA\"}]},{\"@type\":\"WebSite\",\"@id\":\"https:\/\/ravintolagosta.fi\/#website\",\"url\":\"https:\/\/ravintolagosta.fi\/\",\"name\":\"Ravintola G\u00f6sta\",\"description\":\"Tervetuloa nauttimaan kiireett\u00f6m\u00e4st\u00e4 ruokailuhetkest\u00e4 Ravintola G\u00f6staan!\",\"publisher\":{\"@id\":\"https:\/\/ravintolagosta.fi\/#organization\"},\"potentialAction\":[{\"@type\":\"SearchAction\",\"target\":{\"@type\":\"EntryPoint\",\"urlTemplate\":\"https:\/\/ravintolagosta.fi\/?s={search_term_string}\"},\"query-input\":{\"@type\":\"PropertyValueSpecification\",\"valueRequired\":true,\"valueName\":\"search_term_string\"}}],\"inLanguage\":\"en-US\"},{\"@type\":\"Organization\",\"@id\":\"https:\/\/ravintolagosta.fi\/#organization\",\"name\":\"Joenniemen ravintolat Oy\",\"url\":\"https:\/\/ravintolagosta.fi\/\",\"logo\":{\"@type\":\"ImageObject\",\"inLanguage\":\"en-US\",\"@id\":\"https:\/\/ravintolagosta.fi\/#\/schema\/logo\/image\/\",\"url\":\"https:\/\/ravintolagosta.fi\/RG\/wp-content\/uploads\/logo1.png\",\"contentUrl\":\"https:\/\/ravintolagosta.fi\/RG\/wp-content\/uploads\/logo1.png\",\"width\":832,\"height\":633,\"caption\":\"Joenniemen ravintolat Oy\"},\"image\":{\"@id\":\"https:\/\/ravintolagosta.fi\/#\/schema\/logo\/image\/\"},\"sameAs\":[\"https:\/\/facebook.com\/gostaravintola\/\",\"https:\/\/x.com\/ravintolagosta\"]}]}<\/script>\n<!-- \/ Yoast SEO plugin. -->","yoast_head_json":{"title":"Make a gift","robots":{"index":"index","follow":"follow","max-snippet":"max-snippet:-1","max-image-preview":"max-image-preview:large","max-video-preview":"max-video-preview:-1"},"canonical":"https:\/\/ravintolagosta.fi\/en\/https-serlachius-fi-en-see-do-in-tampere-region-serlachius-art-sauna\/","og_locale":"en_US","og_type":"article","og_title":"Make a gift","og_url":"https:\/\/ravintolagosta.fi\/en\/https-serlachius-fi-en-see-do-in-tampere-region-serlachius-art-sauna\/","og_site_name":"Ravintola G\u00f6sta","article_publisher":"https:\/\/facebook.com\/gostaravintola\/","article_modified_time":"2024-04-28T12:35:32+00:00","og_image":[{"url":"https:\/\/ravintolagosta.fi\/RG\/wp-content\/uploads\/\/Art-sauna-300x179.jpeg"}],"twitter_card":"summary_large_image","twitter_site":"@ravintolagosta","twitter_misc":{"Est. reading time":"1 minute"},"schema":{"@context":"https:\/\/schema.org","@graph":[{"@type":"WebPage","@id":"https:\/\/ravintolagosta.fi\/en\/https-serlachius-fi-en-see-do-in-tampere-region-serlachius-art-sauna\/","url":"https:\/\/ravintolagosta.fi\/en\/https-serlachius-fi-en-see-do-in-tampere-region-serlachius-art-sauna\/","name":"Make a gift","isPartOf":{"@id":"https:\/\/ravintolagosta.fi\/#website"},"primaryImageOfPage":{"@id":"https:\/\/ravintolagosta.fi\/en\/https-serlachius-fi-en-see-do-in-tampere-region-serlachius-art-sauna\/#primaryimage"},"image":{"@id":"https:\/\/ravintolagosta.fi\/en\/https-serlachius-fi-en-see-do-in-tampere-region-serlachius-art-sauna\/#primaryimage"},"thumbnailUrl":"https:\/\/ravintolagosta.fi\/RG\/wp-content\/uploads\/\/Art-sauna-300x179.jpeg","datePublished":"2014-08-26T10:48:42+00:00","dateModified":"2024-04-28T12:35:32+00:00","breadcrumb":{"@id":"https:\/\/ravintolagosta.fi\/en\/https-serlachius-fi-en-see-do-in-tampere-region-serlachius-art-sauna\/#breadcrumb"},"inLanguage":"en-US","potentialAction":[{"@type":"ReadAction","target":["https:\/\/ravintolagosta.fi\/en\/https-serlachius-fi-en-see-do-in-tampere-region-serlachius-art-sauna\/"]}]},{"@type":"ImageObject","inLanguage":"en-US","@id":"https:\/\/ravintolagosta.fi\/en\/https-serlachius-fi-en-see-do-in-tampere-region-serlachius-art-sauna\/#primaryimage","url":"https:\/\/ravintolagosta.fi\/RG\/wp-content\/uploads\/\/Art-sauna-300x179.jpeg","contentUrl":"https:\/\/ravintolagosta.fi\/RG\/wp-content\/uploads\/\/Art-sauna-300x179.jpeg"},{"@type":"BreadcrumbList","@id":"https:\/\/ravintolagosta.fi\/en\/https-serlachius-fi-en-see-do-in-tampere-region-serlachius-art-sauna\/#breadcrumb","itemListElement":[{"@type":"ListItem","position":1,"name":"Home","item":"https:\/\/ravintolagosta.fi\/en\/"},{"@type":"ListItem","position":2,"name":"SERLACHIUS ART SAUNA"}]},{"@type":"WebSite","@id":"https:\/\/ravintolagosta.fi\/#website","url":"https:\/\/ravintolagosta.fi\/","name":"Ravintola G\u00f6sta","description":"Tervetuloa nauttimaan kiireett\u00f6m\u00e4st\u00e4 ruokailuhetkest\u00e4 Ravintola G\u00f6staan!","publisher":{"@id":"https:\/\/ravintolagosta.fi\/#organization"},"potentialAction":[{"@type":"SearchAction","target":{"@type":"EntryPoint","urlTemplate":"https:\/\/ravintolagosta.fi\/?s={search_term_string}"},"query-input":{"@type":"PropertyValueSpecification","valueRequired":true,"valueName":"search_term_string"}}],"inLanguage":"en-US"},{"@type":"Organization","@id":"https:\/\/ravintolagosta.fi\/#organization","name":"Joenniemen ravintolat Oy","url":"https:\/\/ravintolagosta.fi\/","logo":{"@type":"ImageObject","inLanguage":"en-US","@id":"https:\/\/ravintolagosta.fi\/#\/schema\/logo\/image\/","url":"https:\/\/ravintolagosta.fi\/RG\/wp-content\/uploads\/logo1.png","contentUrl":"https:\/\/ravintolagosta.fi\/RG\/wp-content\/uploads\/logo1.png","width":832,"height":633,"caption":"Joenniemen ravintolat Oy"},"image":{"@id":"https:\/\/ravintolagosta.fi\/#\/schema\/logo\/image\/"},"sameAs":["https:\/\/facebook.com\/gostaravintola\/","https:\/\/x.com\/ravintolagosta"]}]}},"_links":{"self":[{"href":"https:\/\/ravintolagosta.fi\/en\/wp-json\/wp\/v2\/pages\/132"}],"collection":[{"href":"https:\/\/ravintolagosta.fi\/en\/wp-json\/wp\/v2\/pages"}],"about":[{"href":"https:\/\/ravintolagosta.fi\/en\/wp-json\/wp\/v2\/types\/page"}],"author":[{"embeddable":true,"href":"https:\/\/ravintolagosta.fi\/en\/wp-json\/wp\/v2\/users\/3"}],"replies":[{"embeddable":true,"href":"https:\/\/ravintolagosta.fi\/en\/wp-json\/wp\/v2\/comments?post=132"}],"version-history":[{"count":14,"href":"https:\/\/ravintolagosta.fi\/en\/wp-json\/wp\/v2\/pages\/132\/revisions"}],"predecessor-version":[{"id":4550,"href":"https:\/\/ravintolagosta.fi\/en\/wp-json\/wp\/v2\/pages\/132\/revisions\/4550"}],"wp:attachment":[{"href":"https:\/\/ravintolagosta.fi\/en\/wp-json\/wp\/v2\/media?parent=132"}],"curies":[{"name":"wp","href":"https:\/\/api.w.org\/{rel}","templated":true}]}}