{"id":135,"date":"2014-08-25T16:31:43","date_gmt":"2014-08-25T13:31:43","guid":{"rendered":"http:\/\/ravintolagosta.fi\/dev2\/tietoa-2\/"},"modified":"2022-06-01T13:54:42","modified_gmt":"2022-06-01T10:54:42","slug":"info","status":"publish","type":"page","link":"https:\/\/ravintolagosta.fi\/en\/info\/","title":{"rendered":"INFO"},"content":{"rendered":"<div id='full_slider_1'  class='avia-fullwidth-slider main_color avia-shadow   avia-builder-el-0  el_before_av_heading  avia-builder-el-first   container_wrap fullsize' style=' '  ><div   data-size='featured'  data-lightbox_size='large'  data-animation='fade'  data-conditional_play=''  data-ids='52'  data-video_counter='0'  data-autoplay='true'  data-bg_slider='false'  data-slide_height=''  data-handle='av_slideshow_full'  data-interval='10'  data-class=' '  data-el_id=''  data-css_id=''  data-scroll_down=''  data-control_layout='av-control-default'  data-custom_markup=''  data-perma_caption=''  data-autoplay_stopper=''  data-image_attachment=''  data-min_height='0px'  data-src=''  data-position='top left'  data-repeat='no-repeat'  data-attach='scroll'  data-stretch=''  data-default-height='28.6666666667'  class='avia-slideshow avia-slideshow-1  av-control-default av-default-height-applied avia-slideshow-featured av_slideshow_full   avia-fade-slider '  itemprop=\"image\" itemscope=\"itemscope\" itemtype=\"https:\/\/schema.org\/ImageObject\" ><ul class='avia-slideshow-inner ' style='padding-bottom: 28.6666666667%;' ><li  class=' av-single-slide slide-1 ' ><div data-rel='slideshow-1' class='avia-slide-wrap '   ><img src='https:\/\/ravintolagosta.fi\/RG\/wp-content\/uploads\/5-1500x430.jpg' width='1500' height='430' title='5' alt=''  itemprop=\"thumbnailUrl\"   \/><\/div><\/li><\/ul><\/div><\/div><div id='after_full_slider_1'  class='main_color av_default_container_wrap container_wrap fullsize' style=' '  ><div class='container' ><div class='template-page content  av-content-full alpha units'><div class='post-entry post-entry-type-page post-entry-135'><div class='entry-content-wrapper clearfix'>\n<div  style='padding-bottom:10px; ' class='av-special-heading av-special-heading-h3    avia-builder-el-1  el_after_av_slideshow_full  el_before_av_one_half  avia-builder-el-first  '><h3 class='av-special-heading-tag '  itemprop=\"headline\"  >Information<\/h3><div class='special-heading-border'><div class='special-heading-inner-border' ><\/div><\/div><\/div>\n<div class=\"flex_column av_one_half  no_margin flex_column_div av-zero-column-padding first  avia-builder-el-2  el_after_av_heading  el_before_av_one_half  \" style='border-radius:0px; '><section class=\"av_textblock_section \"  itemscope=\"itemscope\" itemtype=\"https:\/\/schema.org\/CreativeWork\" ><div class='avia_textblock  '   itemprop=\"text\" ><h3><strong>Opening Hours<\/strong><\/h3>\n<p>In June, Restaurant G\u00f6sta is open open daily 11-17.<br \/>\nIn July and August the restaurant is open daily from 11-18.<br \/>\nThe kitchen closes 30 mins before close.<\/p>\n<p>The summer cafe Autereen tupa is open daily 11-18 (June-August).<\/p>\n<p>Closed Good Friday, Finnish Independence Day 6.12., Christmas Eve 24.12. Christmas Day 25.12. New Year\u2019s Eve 31.12.<\/p>\n<p>* Other times opened for groups on request.<\/p>\n<h3>Contact:<\/h3>\n<p><strong>Restaurant G\u00f6sta<\/strong><br \/>\nJoenniemen Ravintolat Oy<br \/>\nJoenniementie 47<br \/>\n35800 M\u00e4ntt\u00e4<br \/>\n<a href=\"tel:+358407085572\">+358 (0) 40 708 5572<\/a><br \/>\n<a href=\"mailto:ravintola@ravintolagosta.fi\">ravintola@ravintolagosta.fi<\/a><\/p>\n<h3>Feedback<\/h3>\n<p><a title=\"Feedback\" href=\"http:\/\/ravintolagosta.fi\/en\/info\/feedback\/\/\">Send us feedback here<\/a><\/p>\n<h3>Privacy Policy<\/h3>\n<p><a href=\"http:\/\/ravintolagosta.fi\/RG\/wp-content\/uploads\/GDPR-english.pdf\" target=\"_blank\" rel=\"noopener noreferrer\">Privacy Policy, Joenniemen ravintolat Oy<\/a><\/p>\n<\/div><\/section><\/div><div class=\"flex_column av_one_half  no_margin flex_column_div av-zero-column-padding   avia-builder-el-4  el_after_av_one_half  el_before_av_section  avia-builder-el-last  \" style='border-radius:0px; '><\/div><\/p>\n<\/div><\/div><\/div><!-- close content main div --><\/div><\/div><div id='brands'  class='avia-section main_color avia-section-default avia-no-border-styling avia-bg-style-scroll  avia-builder-el-6  el_after_av_one_half  avia-builder-el-last   container_wrap fullsize' style='background-color: #342f29;  '  ><div class='container' ><div class='template-page content  av-content-full alpha units'><div class='post-entry post-entry-type-page post-entry-135'><div class='entry-content-wrapper clearfix'>\n<div   data-autoplay='false'  data-interval='5'  data-animation='slide'  class='avia-logo-element-container av-border-deactivate avia-logo-grid avia-content-slider avia-smallarrow-slider avia-content-grid-active noHover avia-content-slider1 avia-content-slider-even  avia-builder-el-7  avia-builder-el-no-sibling  ' ><div class='avia-smallarrow-slider-heading  no-logo-slider-heading '><div class='new-special-heading'>&nbsp;<\/div><\/div><div class='avia-content-slider-inner'><div class='slide-entry-wrap' ><div  class='slide-entry flex_column no_margin post-entry slide-entry-overview slide-loop-1 slide-parity-odd  av_one_eighth first real-thumbnail'><\/div><div  class='slide-entry flex_column no_margin post-entry slide-entry-overview slide-loop-2 slide-parity-even  av_one_eighth  real-thumbnail'><\/div><div  class='slide-entry flex_column no_margin post-entry slide-entry-overview slide-loop-3 slide-parity-odd  av_one_eighth  real-thumbnail'><\/div><div data-avia-tooltip=\"Serchalius Museums\" class='slide-entry flex_column no_margin post-entry slide-entry-overview slide-loop-4 slide-parity-even  av_one_eighth  real-thumbnail'><a href='http:\/\/serlachius.fi\/en\/' data-rel='slide-1' class='slide-image' title='' target=\"_blank\" rel=\"noopener\"><img loading=\"lazy\" decoding=\"async\" width=\"294\" height=\"153\" src=\"https:\/\/ravintolagosta.fi\/RG\/wp-content\/uploads\/serlachius-white-294x153.png\" class=\"attachment-no scaling size-no scaling\" alt=\"Serlachius Museums\" \/><\/a><\/div><div data-avia-tooltip=\"Serchalius Museums\" class='slide-entry flex_column no_margin post-entry slide-entry-overview slide-loop-5 slide-parity-odd  av_one_eighth  real-thumbnail'><a href='http:\/\/serlachius.fi\/en\/' data-rel='slide-1' class='slide-image' title='' target=\"_blank\" rel=\"noopener\"><\/a><\/div><div data-avia-tooltip=\"Serchalius Museums\" class='slide-entry flex_column no_margin post-entry slide-entry-overview slide-loop-6 slide-parity-even  av_one_eighth  real-thumbnail'><a href='http:\/\/serlachius.fi\/en\/' data-rel='slide-1' class='slide-image' title='' target=\"_blank\" rel=\"noopener\"><\/a><\/div><div data-avia-tooltip=\"Serchalius Museums\" class='slide-entry flex_column no_margin post-entry slide-entry-overview slide-loop-7 slide-parity-odd  av_one_eighth  real-thumbnail'><a href='http:\/\/serlachius.fi\/en\/' data-rel='slide-1' class='slide-image' title='' target=\"_blank\" rel=\"noopener\"><\/a><\/div><div data-avia-tooltip=\"Serchalius Museums\" class='slide-entry flex_column no_margin post-entry slide-entry-overview slide-loop-8 slide-parity-even  post-entry-last  av_one_eighth  real-thumbnail'><a href='http:\/\/serlachius.fi\/en\/' data-rel='slide-1' class='slide-image' title='' target=\"_blank\" rel=\"noopener\"><\/a><\/div><\/div><\/div><\/div>\n\n","protected":false},"excerpt":{"rendered":"","protected":false},"author":3,"featured_media":0,"parent":0,"menu_order":0,"comment_status":"open","ping_status":"closed","template":"","meta":{"footnotes":""},"class_list":["post-135","page","type-page","status-publish","hentry"],"yoast_head":"<!-- This site is optimized with the Yoast SEO plugin v23.4 - https:\/\/yoast.com\/wordpress\/plugins\/seo\/ -->\n<title>G\u00f6sta Restaurant Information<\/title>\n<meta name=\"robots\" content=\"index, follow, max-snippet:-1, max-image-preview:large, max-video-preview:-1\" \/>\n<link rel=\"canonical\" href=\"https:\/\/ravintolagosta.fi\/en\/info\/\" \/>\n<meta property=\"og:locale\" content=\"en_US\" \/>\n<meta property=\"og:type\" content=\"article\" \/>\n<meta property=\"og:title\" content=\"G\u00f6sta Restaurant Information\" \/>\n<meta property=\"og:url\" content=\"https:\/\/ravintolagosta.fi\/en\/info\/\" \/>\n<meta property=\"og:site_name\" content=\"Ravintola G\u00f6sta\" \/>\n<meta property=\"article:publisher\" content=\"https:\/\/facebook.com\/gostaravintola\/\" \/>\n<meta property=\"article:modified_time\" content=\"2022-06-01T10:54:42+00:00\" \/>\n<meta property=\"og:image\" content=\"https:\/\/ravintolagosta.fi\/RG\/wp-content\/uploads\/5.jpg\" \/>\n\t<meta property=\"og:image:width\" content=\"1500\" \/>\n\t<meta property=\"og:image:height\" content=\"1500\" \/>\n\t<meta property=\"og:image:type\" content=\"image\/jpeg\" \/>\n<meta name=\"twitter:card\" content=\"summary_large_image\" \/>\n<meta name=\"twitter:site\" content=\"@ravintolagosta\" \/>\n<meta name=\"twitter:label1\" content=\"Est. reading time\" \/>\n\t<meta name=\"twitter:data1\" content=\"4 minutes\" \/>\n<script type=\"application\/ld+json\" class=\"yoast-schema-graph\">{\"@context\":\"https:\/\/schema.org\",\"@graph\":[{\"@type\":\"WebPage\",\"@id\":\"https:\/\/ravintolagosta.fi\/en\/info\/\",\"url\":\"https:\/\/ravintolagosta.fi\/en\/info\/\",\"name\":\"G\u00f6sta Restaurant Information\",\"isPartOf\":{\"@id\":\"https:\/\/ravintolagosta.fi\/#website\"},\"datePublished\":\"2014-08-25T13:31:43+00:00\",\"dateModified\":\"2022-06-01T10:54:42+00:00\",\"breadcrumb\":{\"@id\":\"https:\/\/ravintolagosta.fi\/en\/info\/#breadcrumb\"},\"inLanguage\":\"en-US\",\"potentialAction\":[{\"@type\":\"ReadAction\",\"target\":[\"https:\/\/ravintolagosta.fi\/en\/info\/\"]}]},{\"@type\":\"BreadcrumbList\",\"@id\":\"https:\/\/ravintolagosta.fi\/en\/info\/#breadcrumb\",\"itemListElement\":[{\"@type\":\"ListItem\",\"position\":1,\"name\":\"Home\",\"item\":\"https:\/\/ravintolagosta.fi\/en\/\"},{\"@type\":\"ListItem\",\"position\":2,\"name\":\"INFO\"}]},{\"@type\":\"WebSite\",\"@id\":\"https:\/\/ravintolagosta.fi\/#website\",\"url\":\"https:\/\/ravintolagosta.fi\/\",\"name\":\"Ravintola G\u00f6sta\",\"description\":\"Tervetuloa nauttimaan kiireett\u00f6m\u00e4st\u00e4 ruokailuhetkest\u00e4 Ravintola G\u00f6staan!\",\"publisher\":{\"@id\":\"https:\/\/ravintolagosta.fi\/#organization\"},\"potentialAction\":[{\"@type\":\"SearchAction\",\"target\":{\"@type\":\"EntryPoint\",\"urlTemplate\":\"https:\/\/ravintolagosta.fi\/?s={search_term_string}\"},\"query-input\":{\"@type\":\"PropertyValueSpecification\",\"valueRequired\":true,\"valueName\":\"search_term_string\"}}],\"inLanguage\":\"en-US\"},{\"@type\":\"Organization\",\"@id\":\"https:\/\/ravintolagosta.fi\/#organization\",\"name\":\"Joenniemen ravintolat Oy\",\"url\":\"https:\/\/ravintolagosta.fi\/\",\"logo\":{\"@type\":\"ImageObject\",\"inLanguage\":\"en-US\",\"@id\":\"https:\/\/ravintolagosta.fi\/#\/schema\/logo\/image\/\",\"url\":\"https:\/\/ravintolagosta.fi\/RG\/wp-content\/uploads\/logo1.png\",\"contentUrl\":\"https:\/\/ravintolagosta.fi\/RG\/wp-content\/uploads\/logo1.png\",\"width\":832,\"height\":633,\"caption\":\"Joenniemen ravintolat Oy\"},\"image\":{\"@id\":\"https:\/\/ravintolagosta.fi\/#\/schema\/logo\/image\/\"},\"sameAs\":[\"https:\/\/facebook.com\/gostaravintola\/\",\"https:\/\/x.com\/ravintolagosta\"]}]}<\/script>\n<!-- \/ Yoast SEO plugin. -->","yoast_head_json":{"title":"G\u00f6sta Restaurant Information","robots":{"index":"index","follow":"follow","max-snippet":"max-snippet:-1","max-image-preview":"max-image-preview:large","max-video-preview":"max-video-preview:-1"},"canonical":"https:\/\/ravintolagosta.fi\/en\/info\/","og_locale":"en_US","og_type":"article","og_title":"G\u00f6sta Restaurant Information","og_url":"https:\/\/ravintolagosta.fi\/en\/info\/","og_site_name":"Ravintola G\u00f6sta","article_publisher":"https:\/\/facebook.com\/gostaravintola\/","article_modified_time":"2022-06-01T10:54:42+00:00","og_image":[{"width":1500,"height":1500,"url":"https:\/\/ravintolagosta.fi\/RG\/wp-content\/uploads\/5.jpg","type":"image\/jpeg"}],"twitter_card":"summary_large_image","twitter_site":"@ravintolagosta","twitter_misc":{"Est. reading time":"4 minutes"},"schema":{"@context":"https:\/\/schema.org","@graph":[{"@type":"WebPage","@id":"https:\/\/ravintolagosta.fi\/en\/info\/","url":"https:\/\/ravintolagosta.fi\/en\/info\/","name":"G\u00f6sta Restaurant Information","isPartOf":{"@id":"https:\/\/ravintolagosta.fi\/#website"},"datePublished":"2014-08-25T13:31:43+00:00","dateModified":"2022-06-01T10:54:42+00:00","breadcrumb":{"@id":"https:\/\/ravintolagosta.fi\/en\/info\/#breadcrumb"},"inLanguage":"en-US","potentialAction":[{"@type":"ReadAction","target":["https:\/\/ravintolagosta.fi\/en\/info\/"]}]},{"@type":"BreadcrumbList","@id":"https:\/\/ravintolagosta.fi\/en\/info\/#breadcrumb","itemListElement":[{"@type":"ListItem","position":1,"name":"Home","item":"https:\/\/ravintolagosta.fi\/en\/"},{"@type":"ListItem","position":2,"name":"INFO"}]},{"@type":"WebSite","@id":"https:\/\/ravintolagosta.fi\/#website","url":"https:\/\/ravintolagosta.fi\/","name":"Ravintola G\u00f6sta","description":"Tervetuloa nauttimaan kiireett\u00f6m\u00e4st\u00e4 ruokailuhetkest\u00e4 Ravintola G\u00f6staan!","publisher":{"@id":"https:\/\/ravintolagosta.fi\/#organization"},"potentialAction":[{"@type":"SearchAction","target":{"@type":"EntryPoint","urlTemplate":"https:\/\/ravintolagosta.fi\/?s={search_term_string}"},"query-input":{"@type":"PropertyValueSpecification","valueRequired":true,"valueName":"search_term_string"}}],"inLanguage":"en-US"},{"@type":"Organization","@id":"https:\/\/ravintolagosta.fi\/#organization","name":"Joenniemen ravintolat Oy","url":"https:\/\/ravintolagosta.fi\/","logo":{"@type":"ImageObject","inLanguage":"en-US","@id":"https:\/\/ravintolagosta.fi\/#\/schema\/logo\/image\/","url":"https:\/\/ravintolagosta.fi\/RG\/wp-content\/uploads\/logo1.png","contentUrl":"https:\/\/ravintolagosta.fi\/RG\/wp-content\/uploads\/logo1.png","width":832,"height":633,"caption":"Joenniemen ravintolat Oy"},"image":{"@id":"https:\/\/ravintolagosta.fi\/#\/schema\/logo\/image\/"},"sameAs":["https:\/\/facebook.com\/gostaravintola\/","https:\/\/x.com\/ravintolagosta"]}]}},"_links":{"self":[{"href":"https:\/\/ravintolagosta.fi\/en\/wp-json\/wp\/v2\/pages\/135"}],"collection":[{"href":"https:\/\/ravintolagosta.fi\/en\/wp-json\/wp\/v2\/pages"}],"about":[{"href":"https:\/\/ravintolagosta.fi\/en\/wp-json\/wp\/v2\/types\/page"}],"author":[{"embeddable":true,"href":"https:\/\/ravintolagosta.fi\/en\/wp-json\/wp\/v2\/users\/3"}],"replies":[{"embeddable":true,"href":"https:\/\/ravintolagosta.fi\/en\/wp-json\/wp\/v2\/comments?post=135"}],"version-history":[{"count":26,"href":"https:\/\/ravintolagosta.fi\/en\/wp-json\/wp\/v2\/pages\/135\/revisions"}],"predecessor-version":[{"id":4078,"href":"https:\/\/ravintolagosta.fi\/en\/wp-json\/wp\/v2\/pages\/135\/revisions\/4078"}],"wp:attachment":[{"href":"https:\/\/ravintolagosta.fi\/en\/wp-json\/wp\/v2\/media?parent=135"}],"curies":[{"name":"wp","href":"https:\/\/api.w.org\/{rel}","templated":true}]}}