{"id":138,"date":"2014-08-25T17:12:48","date_gmt":"2014-08-25T14:12:48","guid":{"rendered":"http:\/\/ravintolagosta.fi\/dev2\/tietoa\/galleria\/"},"modified":"2019-03-20T16:59:24","modified_gmt":"2019-03-20T14:59:24","slug":"gallery","status":"publish","type":"page","link":"https:\/\/ravintolagosta.fi\/en\/info\/gallery\/","title":{"rendered":"GALLERY"},"content":{"rendered":"<div  style='padding-bottom:10px; ' class='av-special-heading av-special-heading-h3    avia-builder-el-0  el_before_av_gallery  avia-builder-el-first  '><h3 class='av-special-heading-tag '  itemprop=\"headline\"  >FOOD<\/h3><div class='special-heading-border'><div class='special-heading-inner-border' ><\/div><\/div><\/div>\n<div  class='avia-gallery  avia-gallery-1 avia_lazyload avia-gallery-animate avia_animate_when_visible  avia-builder-el-1  el_after_av_heading  el_before_av_heading '  itemprop=\"image\" itemscope=\"itemscope\" itemtype=\"https:\/\/schema.org\/ImageObject\" ><div class='avia-gallery-thumb'> <a href='https:\/\/ravintolagosta.fi\/RG\/wp-content\/uploads\/15-1030x1030.jpg' data-rel='gallery-1' data-prev-img='https:\/\/ravintolagosta.fi\/RG\/wp-content\/uploads\/15-495x400.jpg' class='first_thumb lightbox ' data-onclick='1' title=''  itemprop=\"thumbnailUrl\" ><img  src='https:\/\/ravintolagosta.fi\/RG\/wp-content\/uploads\/15-710x575.jpg' width='710' height='575'  title='15' alt='' \/><\/a> <a href='https:\/\/ravintolagosta.fi\/RG\/wp-content\/uploads\/16-1030x1030.jpg' data-rel='gallery-1' data-prev-img='https:\/\/ravintolagosta.fi\/RG\/wp-content\/uploads\/16-495x400.jpg' class='lightbox ' data-onclick='2' title=''  itemprop=\"thumbnailUrl\" ><img  src='https:\/\/ravintolagosta.fi\/RG\/wp-content\/uploads\/16-710x575.jpg' width='710' height='575'  title='16' alt='' \/><\/a> <a href='https:\/\/ravintolagosta.fi\/RG\/wp-content\/uploads\/18-1030x1030.jpg' data-rel='gallery-1' data-prev-img='https:\/\/ravintolagosta.fi\/RG\/wp-content\/uploads\/18-495x400.jpg' class='lightbox ' data-onclick='3' title=''  itemprop=\"thumbnailUrl\" ><img  src='https:\/\/ravintolagosta.fi\/RG\/wp-content\/uploads\/18-710x575.jpg' width='710' height='575'  title='18' alt='' \/><\/a> <a href='https:\/\/ravintolagosta.fi\/RG\/wp-content\/uploads\/19-1030x1030.jpg' data-rel='gallery-1' data-prev-img='https:\/\/ravintolagosta.fi\/RG\/wp-content\/uploads\/19-495x400.jpg' class='lightbox ' data-onclick='4' title=''  itemprop=\"thumbnailUrl\" ><img  src='https:\/\/ravintolagosta.fi\/RG\/wp-content\/uploads\/19-710x575.jpg' width='710' height='575'  title='19' alt='' \/><\/a> <a href='https:\/\/ravintolagosta.fi\/RG\/wp-content\/uploads\/20-1030x1030.jpg' data-rel='gallery-1' data-prev-img='https:\/\/ravintolagosta.fi\/RG\/wp-content\/uploads\/20-495x400.jpg' class='first_thumb lightbox ' data-onclick='5' title=''  itemprop=\"thumbnailUrl\" ><img  src='https:\/\/ravintolagosta.fi\/RG\/wp-content\/uploads\/20-710x575.jpg' width='710' height='575'  title='20' alt='' \/><\/a> <a href='https:\/\/ravintolagosta.fi\/RG\/wp-content\/uploads\/21-1030x1030.jpg' data-rel='gallery-1' data-prev-img='https:\/\/ravintolagosta.fi\/RG\/wp-content\/uploads\/21-495x400.jpg' class='lightbox ' data-onclick='6' title=''  itemprop=\"thumbnailUrl\" ><img  src='https:\/\/ravintolagosta.fi\/RG\/wp-content\/uploads\/21-710x575.jpg' width='710' height='575'  title='21' alt='' \/><\/a><\/div><\/div>\n<div  style='padding-bottom:10px; ' class='av-special-heading av-special-heading-h3    avia-builder-el-2  el_after_av_gallery  el_before_av_gallery  '><h3 class='av-special-heading-tag '  itemprop=\"headline\"  >PEOPLE<\/h3><div class='special-heading-border'><div class='special-heading-inner-border' ><\/div><\/div><\/div>\n<div  class='avia-gallery  avia-gallery-2 avia_lazyload avia-gallery-animate avia_animate_when_visible  avia-builder-el-3  el_after_av_heading  el_before_av_heading '  itemprop=\"image\" itemscope=\"itemscope\" itemtype=\"https:\/\/schema.org\/ImageObject\" ><div class='avia-gallery-thumb'> <a href='https:\/\/ravintolagosta.fi\/RG\/wp-content\/uploads\/pekka_ter\u00e4v\u00e4-1030x1030.jpg' data-rel='gallery-2' data-prev-img='https:\/\/ravintolagosta.fi\/RG\/wp-content\/uploads\/pekka_ter\u00e4v\u00e4-495x400.jpg' class='first_thumb lightbox ' data-onclick='1' title='Pekka Ter\u00e4v\u00e4'  itemprop=\"thumbnailUrl\" ><img data-avia-tooltip='Pekka Ter\u00e4v\u00e4' src='https:\/\/ravintolagosta.fi\/RG\/wp-content\/uploads\/pekka_ter\u00e4v\u00e4-710x575.jpg' width='710' height='575'  title='pekka_ter\u00e4v\u00e4' alt='' \/><\/a> <a href='https:\/\/ravintolagosta.fi\/RG\/wp-content\/uploads\/14-1030x1030.jpg' data-rel='gallery-2' data-prev-img='https:\/\/ravintolagosta.fi\/RG\/wp-content\/uploads\/14-495x400.jpg' class='lightbox ' data-onclick='2' title=''  itemprop=\"thumbnailUrl\" ><img  src='https:\/\/ravintolagosta.fi\/RG\/wp-content\/uploads\/14-710x575.jpg' width='710' height='575'  title='14' alt='' \/><\/a> <a href='https:\/\/ravintolagosta.fi\/RG\/wp-content\/uploads\/13-1030x1030.jpg' data-rel='gallery-2' data-prev-img='https:\/\/ravintolagosta.fi\/RG\/wp-content\/uploads\/13-495x400.jpg' class='lightbox ' data-onclick='3' title=''  itemprop=\"thumbnailUrl\" ><img  src='https:\/\/ravintolagosta.fi\/RG\/wp-content\/uploads\/13-710x575.jpg' width='710' height='575'  title='13' alt='' \/><\/a> <a href='https:\/\/ravintolagosta.fi\/RG\/wp-content\/uploads\/12-1030x1030.jpg' data-rel='gallery-2' data-prev-img='https:\/\/ravintolagosta.fi\/RG\/wp-content\/uploads\/12-495x400.jpg' class='lightbox ' data-onclick='4' title=''  itemprop=\"thumbnailUrl\" ><img  src='https:\/\/ravintolagosta.fi\/RG\/wp-content\/uploads\/12-710x575.jpg' width='710' height='575'  title='12' alt='' \/><\/a> <a href='https:\/\/ravintolagosta.fi\/RG\/wp-content\/uploads\/11-1030x1030.jpg' data-rel='gallery-2' data-prev-img='https:\/\/ravintolagosta.fi\/RG\/wp-content\/uploads\/11-495x400.jpg' class='first_thumb lightbox ' data-onclick='5' title=''  itemprop=\"thumbnailUrl\" ><img  src='https:\/\/ravintolagosta.fi\/RG\/wp-content\/uploads\/11-710x575.jpg' width='710' height='575'  title='11' alt='' \/><\/a> <a href='https:\/\/ravintolagosta.fi\/RG\/wp-content\/uploads\/10-1030x1030.jpg' data-rel='gallery-2' data-prev-img='https:\/\/ravintolagosta.fi\/RG\/wp-content\/uploads\/10-495x400.jpg' class='lightbox ' data-onclick='6' title=''  itemprop=\"thumbnailUrl\" ><img  src='https:\/\/ravintolagosta.fi\/RG\/wp-content\/uploads\/10-710x575.jpg' width='710' height='575'  title='10' alt='' \/><\/a> <a href='https:\/\/ravintolagosta.fi\/RG\/wp-content\/uploads\/9-1030x1030.jpg' data-rel='gallery-2' data-prev-img='https:\/\/ravintolagosta.fi\/RG\/wp-content\/uploads\/9-495x400.jpg' class='lightbox ' data-onclick='7' title=''  itemprop=\"thumbnailUrl\" ><img  src='https:\/\/ravintolagosta.fi\/RG\/wp-content\/uploads\/9-710x575.jpg' width='710' height='575'  title='9' alt='' \/><\/a> <a href='https:\/\/ravintolagosta.fi\/RG\/wp-content\/uploads\/8-1030x1030.jpg' data-rel='gallery-2' data-prev-img='https:\/\/ravintolagosta.fi\/RG\/wp-content\/uploads\/8-495x400.jpg' class='lightbox ' data-onclick='8' title=''  itemprop=\"thumbnailUrl\" ><img  src='https:\/\/ravintolagosta.fi\/RG\/wp-content\/uploads\/8-710x575.jpg' width='710' height='575'  title='8' alt='' \/><\/a><\/div><\/div>\n<div  style='padding-bottom:10px; ' class='av-special-heading av-special-heading-h3    avia-builder-el-4  el_after_av_gallery  el_before_av_gallery  '><h3 class='av-special-heading-tag '  itemprop=\"headline\"  >PREMISES<\/h3><div class='special-heading-border'><div class='special-heading-inner-border' ><\/div><\/div><\/div>\n<div  class='avia-gallery  avia-gallery-3 avia_lazyload avia-gallery-animate avia_animate_when_visible  avia-builder-el-5  el_after_av_heading  el_before_av_section  avia-builder-el-last '  itemprop=\"image\" itemscope=\"itemscope\" itemtype=\"https:\/\/schema.org\/ImageObject\" ><div class='avia-gallery-thumb'> <a href='https:\/\/ravintolagosta.fi\/RG\/wp-content\/uploads\/1-1030x1030.jpg' data-rel='gallery-3' data-prev-img='https:\/\/ravintolagosta.fi\/RG\/wp-content\/uploads\/1-495x400.jpg' class='first_thumb lightbox ' data-onclick='1' title=''  itemprop=\"thumbnailUrl\" ><img  src='https:\/\/ravintolagosta.fi\/RG\/wp-content\/uploads\/1-710x575.jpg' width='710' height='575'  title='1' alt='' \/><\/a> <a href='https:\/\/ravintolagosta.fi\/RG\/wp-content\/uploads\/1a-1030x1030.jpg' data-rel='gallery-3' data-prev-img='https:\/\/ravintolagosta.fi\/RG\/wp-content\/uploads\/1a-495x400.jpg' class='lightbox ' data-onclick='2' title=''  itemprop=\"thumbnailUrl\" ><img  src='https:\/\/ravintolagosta.fi\/RG\/wp-content\/uploads\/1a-710x575.jpg' width='710' height='575'  title='1a' alt='' \/><\/a> <a href='https:\/\/ravintolagosta.fi\/RG\/wp-content\/uploads\/5-1030x1030.jpg' data-rel='gallery-3' data-prev-img='https:\/\/ravintolagosta.fi\/RG\/wp-content\/uploads\/5-495x400.jpg' class='lightbox ' data-onclick='3' title=''  itemprop=\"thumbnailUrl\" ><img  src='https:\/\/ravintolagosta.fi\/RG\/wp-content\/uploads\/5-710x575.jpg' width='710' height='575'  title='5' alt='' \/><\/a> <a href='https:\/\/ravintolagosta.fi\/RG\/wp-content\/uploads\/4-1030x1030.jpg' data-rel='gallery-3' data-prev-img='https:\/\/ravintolagosta.fi\/RG\/wp-content\/uploads\/4-495x400.jpg' class='lightbox ' data-onclick='4' title=''  itemprop=\"thumbnailUrl\" ><img  src='https:\/\/ravintolagosta.fi\/RG\/wp-content\/uploads\/4-710x575.jpg' width='710' height='575'  title='4' alt='' \/><\/a> <a href='https:\/\/ravintolagosta.fi\/RG\/wp-content\/uploads\/3-1030x1030.jpg' data-rel='gallery-3' data-prev-img='https:\/\/ravintolagosta.fi\/RG\/wp-content\/uploads\/3-495x400.jpg' class='first_thumb lightbox ' data-onclick='5' title=''  itemprop=\"thumbnailUrl\" ><img  src='https:\/\/ravintolagosta.fi\/RG\/wp-content\/uploads\/3-710x575.jpg' width='710' height='575'  title='3' alt='' \/><\/a> <a href='https:\/\/ravintolagosta.fi\/RG\/wp-content\/uploads\/2-1030x1030.jpg' data-rel='gallery-3' data-prev-img='https:\/\/ravintolagosta.fi\/RG\/wp-content\/uploads\/2-495x400.jpg' class='lightbox ' data-onclick='6' title=''  itemprop=\"thumbnailUrl\" ><img  src='https:\/\/ravintolagosta.fi\/RG\/wp-content\/uploads\/2-710x575.jpg' width='710' height='575'  title='2' alt='' \/><\/a> <a href='https:\/\/ravintolagosta.fi\/RG\/wp-content\/uploads\/6-1030x1030.jpg' data-rel='gallery-3' data-prev-img='https:\/\/ravintolagosta.fi\/RG\/wp-content\/uploads\/6-495x400.jpg' class='lightbox ' data-onclick='7' title=''  itemprop=\"thumbnailUrl\" ><img  src='https:\/\/ravintolagosta.fi\/RG\/wp-content\/uploads\/6-710x575.jpg' width='710' height='575'  title='6' alt='' \/><\/a> <a href='https:\/\/ravintolagosta.fi\/RG\/wp-content\/uploads\/7-1030x1030.jpg' data-rel='gallery-3' data-prev-img='https:\/\/ravintolagosta.fi\/RG\/wp-content\/uploads\/7-495x400.jpg' class='lightbox ' data-onclick='8' title=''  itemprop=\"thumbnailUrl\" ><img  src='https:\/\/ravintolagosta.fi\/RG\/wp-content\/uploads\/7-710x575.jpg' width='710' height='575'  title='Autereentupa' alt='' \/><\/a><\/div><\/div>\n<\/div><\/div><\/div><!-- close content main div --><\/div><\/div><div id='brands'  class='avia-section main_color avia-section-default avia-no-border-styling avia-bg-style-scroll  avia-builder-el-6  el_after_av_gallery  avia-builder-el-last   container_wrap fullsize' style='background-color: #342f29;  '  ><div class='container' ><div class='template-page content  av-content-full alpha units'><div class='post-entry post-entry-type-page post-entry-138'><div class='entry-content-wrapper clearfix'>\n<div   data-autoplay='false'  data-interval='5'  data-animation='slide'  class='avia-logo-element-container av-border-deactivate avia-logo-grid avia-content-slider avia-smallarrow-slider avia-content-grid-active noHover avia-content-slider1 avia-content-slider-even  avia-builder-el-7  avia-builder-el-no-sibling  ' ><div class='avia-smallarrow-slider-heading  no-logo-slider-heading '><div class='new-special-heading'>&nbsp;<\/div><\/div><div class='avia-content-slider-inner'><div class='slide-entry-wrap' ><div  class='slide-entry flex_column no_margin post-entry slide-entry-overview slide-loop-1 slide-parity-odd  av_one_eighth first real-thumbnail'><\/div><div  class='slide-entry flex_column no_margin post-entry slide-entry-overview slide-loop-2 slide-parity-even  av_one_eighth  real-thumbnail'><\/div><div  class='slide-entry flex_column no_margin post-entry slide-entry-overview slide-loop-3 slide-parity-odd  av_one_eighth  real-thumbnail'><\/div><div data-avia-tooltip=\"Serchalius Museums\" class='slide-entry flex_column no_margin post-entry slide-entry-overview slide-loop-4 slide-parity-even  av_one_eighth  real-thumbnail'><a href='http:\/\/serlachius.fi\/en\/' data-rel='slide-1' class='slide-image' title='' target=\"_blank\" rel=\"noopener\"><img loading=\"lazy\" decoding=\"async\" width=\"294\" height=\"153\" src=\"https:\/\/ravintolagosta.fi\/RG\/wp-content\/uploads\/serlachius-white-294x153.png\" class=\"attachment-no scaling size-no scaling\" alt=\"Serlachius Museums\" \/><\/a><\/div><div data-avia-tooltip=\"Serchalius Museums\" class='slide-entry flex_column no_margin post-entry slide-entry-overview slide-loop-5 slide-parity-odd  av_one_eighth  real-thumbnail'><a href='http:\/\/serlachius.fi\/en\/' data-rel='slide-1' class='slide-image' title='' target=\"_blank\" rel=\"noopener\"><\/a><\/div><div data-avia-tooltip=\"Serchalius Museums\" class='slide-entry flex_column no_margin post-entry slide-entry-overview slide-loop-6 slide-parity-even  av_one_eighth  real-thumbnail'><a href='http:\/\/serlachius.fi\/en\/' data-rel='slide-1' class='slide-image' title='' target=\"_blank\" rel=\"noopener\"><\/a><\/div><div data-avia-tooltip=\"Serchalius Museums\" class='slide-entry flex_column no_margin post-entry slide-entry-overview slide-loop-7 slide-parity-odd  av_one_eighth  real-thumbnail'><a href='http:\/\/serlachius.fi\/en\/' data-rel='slide-1' class='slide-image' title='' target=\"_blank\" rel=\"noopener\"><\/a><\/div><div data-avia-tooltip=\"Serchalius Museums\" class='slide-entry flex_column no_margin post-entry slide-entry-overview slide-loop-8 slide-parity-even  post-entry-last  av_one_eighth  real-thumbnail'><a href='http:\/\/serlachius.fi\/en\/' data-rel='slide-1' class='slide-image' title='' target=\"_blank\" rel=\"noopener\"><\/a><\/div><\/div><\/div><\/div>\n\n","protected":false},"excerpt":{"rendered":"","protected":false},"author":3,"featured_media":0,"parent":135,"menu_order":2,"comment_status":"open","ping_status":"closed","template":"","meta":{"footnotes":""},"class_list":["post-138","page","type-page","status-publish","hentry"],"yoast_head":"<!-- This site is optimized with the Yoast SEO plugin v23.4 - https:\/\/yoast.com\/wordpress\/plugins\/seo\/ -->\n<title>GALLERY - Ravintola G\u00f6sta<\/title>\n<meta name=\"robots\" content=\"index, follow, max-snippet:-1, max-image-preview:large, max-video-preview:-1\" \/>\n<link rel=\"canonical\" href=\"https:\/\/ravintolagosta.fi\/en\/info\/gallery\/\" \/>\n<meta property=\"og:locale\" content=\"en_US\" \/>\n<meta property=\"og:type\" content=\"article\" \/>\n<meta property=\"og:title\" content=\"GALLERY - Ravintola G\u00f6sta\" \/>\n<meta property=\"og:url\" content=\"https:\/\/ravintolagosta.fi\/en\/info\/gallery\/\" \/>\n<meta property=\"og:site_name\" content=\"Ravintola G\u00f6sta\" \/>\n<meta property=\"article:publisher\" content=\"https:\/\/facebook.com\/gostaravintola\/\" \/>\n<meta property=\"article:modified_time\" content=\"2019-03-20T14:59:24+00:00\" \/>\n<meta property=\"og:image\" content=\"https:\/\/ravintolagosta.fi\/RG\/wp-content\/uploads\/5.jpg\" \/>\n\t<meta property=\"og:image:width\" content=\"1500\" \/>\n\t<meta property=\"og:image:height\" content=\"1500\" \/>\n\t<meta property=\"og:image:type\" content=\"image\/jpeg\" \/>\n<meta name=\"twitter:card\" content=\"summary_large_image\" \/>\n<meta name=\"twitter:site\" content=\"@ravintolagosta\" \/>\n<meta name=\"twitter:label1\" content=\"Est. reading time\" \/>\n\t<meta name=\"twitter:data1\" content=\"3 minutes\" \/>\n<script type=\"application\/ld+json\" class=\"yoast-schema-graph\">{\"@context\":\"https:\/\/schema.org\",\"@graph\":[{\"@type\":\"WebPage\",\"@id\":\"https:\/\/ravintolagosta.fi\/en\/info\/gallery\/\",\"url\":\"https:\/\/ravintolagosta.fi\/en\/info\/gallery\/\",\"name\":\"GALLERY - Ravintola G\u00f6sta\",\"isPartOf\":{\"@id\":\"https:\/\/ravintolagosta.fi\/#website\"},\"datePublished\":\"2014-08-25T14:12:48+00:00\",\"dateModified\":\"2019-03-20T14:59:24+00:00\",\"breadcrumb\":{\"@id\":\"https:\/\/ravintolagosta.fi\/en\/info\/gallery\/#breadcrumb\"},\"inLanguage\":\"en-US\",\"potentialAction\":[{\"@type\":\"ReadAction\",\"target\":[\"https:\/\/ravintolagosta.fi\/en\/info\/gallery\/\"]}]},{\"@type\":\"BreadcrumbList\",\"@id\":\"https:\/\/ravintolagosta.fi\/en\/info\/gallery\/#breadcrumb\",\"itemListElement\":[{\"@type\":\"ListItem\",\"position\":1,\"name\":\"Home\",\"item\":\"https:\/\/ravintolagosta.fi\/en\/\"},{\"@type\":\"ListItem\",\"position\":2,\"name\":\"INFO\",\"item\":\"https:\/\/ravintolagosta.fi\/en\/info\/\"},{\"@type\":\"ListItem\",\"position\":3,\"name\":\"GALLERY\"}]},{\"@type\":\"WebSite\",\"@id\":\"https:\/\/ravintolagosta.fi\/#website\",\"url\":\"https:\/\/ravintolagosta.fi\/\",\"name\":\"Ravintola G\u00f6sta\",\"description\":\"Tervetuloa nauttimaan kiireett\u00f6m\u00e4st\u00e4 ruokailuhetkest\u00e4 Ravintola G\u00f6staan!\",\"publisher\":{\"@id\":\"https:\/\/ravintolagosta.fi\/#organization\"},\"potentialAction\":[{\"@type\":\"SearchAction\",\"target\":{\"@type\":\"EntryPoint\",\"urlTemplate\":\"https:\/\/ravintolagosta.fi\/?s={search_term_string}\"},\"query-input\":{\"@type\":\"PropertyValueSpecification\",\"valueRequired\":true,\"valueName\":\"search_term_string\"}}],\"inLanguage\":\"en-US\"},{\"@type\":\"Organization\",\"@id\":\"https:\/\/ravintolagosta.fi\/#organization\",\"name\":\"Joenniemen ravintolat Oy\",\"url\":\"https:\/\/ravintolagosta.fi\/\",\"logo\":{\"@type\":\"ImageObject\",\"inLanguage\":\"en-US\",\"@id\":\"https:\/\/ravintolagosta.fi\/#\/schema\/logo\/image\/\",\"url\":\"https:\/\/ravintolagosta.fi\/RG\/wp-content\/uploads\/logo1.png\",\"contentUrl\":\"https:\/\/ravintolagosta.fi\/RG\/wp-content\/uploads\/logo1.png\",\"width\":832,\"height\":633,\"caption\":\"Joenniemen ravintolat Oy\"},\"image\":{\"@id\":\"https:\/\/ravintolagosta.fi\/#\/schema\/logo\/image\/\"},\"sameAs\":[\"https:\/\/facebook.com\/gostaravintola\/\",\"https:\/\/x.com\/ravintolagosta\"]}]}<\/script>\n<!-- \/ Yoast SEO plugin. -->","yoast_head_json":{"title":"GALLERY - Ravintola G\u00f6sta","robots":{"index":"index","follow":"follow","max-snippet":"max-snippet:-1","max-image-preview":"max-image-preview:large","max-video-preview":"max-video-preview:-1"},"canonical":"https:\/\/ravintolagosta.fi\/en\/info\/gallery\/","og_locale":"en_US","og_type":"article","og_title":"GALLERY - Ravintola G\u00f6sta","og_url":"https:\/\/ravintolagosta.fi\/en\/info\/gallery\/","og_site_name":"Ravintola G\u00f6sta","article_publisher":"https:\/\/facebook.com\/gostaravintola\/","article_modified_time":"2019-03-20T14:59:24+00:00","og_image":[{"width":1500,"height":1500,"url":"https:\/\/ravintolagosta.fi\/RG\/wp-content\/uploads\/5.jpg","type":"image\/jpeg"}],"twitter_card":"summary_large_image","twitter_site":"@ravintolagosta","twitter_misc":{"Est. reading time":"3 minutes"},"schema":{"@context":"https:\/\/schema.org","@graph":[{"@type":"WebPage","@id":"https:\/\/ravintolagosta.fi\/en\/info\/gallery\/","url":"https:\/\/ravintolagosta.fi\/en\/info\/gallery\/","name":"GALLERY - Ravintola G\u00f6sta","isPartOf":{"@id":"https:\/\/ravintolagosta.fi\/#website"},"datePublished":"2014-08-25T14:12:48+00:00","dateModified":"2019-03-20T14:59:24+00:00","breadcrumb":{"@id":"https:\/\/ravintolagosta.fi\/en\/info\/gallery\/#breadcrumb"},"inLanguage":"en-US","potentialAction":[{"@type":"ReadAction","target":["https:\/\/ravintolagosta.fi\/en\/info\/gallery\/"]}]},{"@type":"BreadcrumbList","@id":"https:\/\/ravintolagosta.fi\/en\/info\/gallery\/#breadcrumb","itemListElement":[{"@type":"ListItem","position":1,"name":"Home","item":"https:\/\/ravintolagosta.fi\/en\/"},{"@type":"ListItem","position":2,"name":"INFO","item":"https:\/\/ravintolagosta.fi\/en\/info\/"},{"@type":"ListItem","position":3,"name":"GALLERY"}]},{"@type":"WebSite","@id":"https:\/\/ravintolagosta.fi\/#website","url":"https:\/\/ravintolagosta.fi\/","name":"Ravintola G\u00f6sta","description":"Tervetuloa nauttimaan kiireett\u00f6m\u00e4st\u00e4 ruokailuhetkest\u00e4 Ravintola G\u00f6staan!","publisher":{"@id":"https:\/\/ravintolagosta.fi\/#organization"},"potentialAction":[{"@type":"SearchAction","target":{"@type":"EntryPoint","urlTemplate":"https:\/\/ravintolagosta.fi\/?s={search_term_string}"},"query-input":{"@type":"PropertyValueSpecification","valueRequired":true,"valueName":"search_term_string"}}],"inLanguage":"en-US"},{"@type":"Organization","@id":"https:\/\/ravintolagosta.fi\/#organization","name":"Joenniemen ravintolat Oy","url":"https:\/\/ravintolagosta.fi\/","logo":{"@type":"ImageObject","inLanguage":"en-US","@id":"https:\/\/ravintolagosta.fi\/#\/schema\/logo\/image\/","url":"https:\/\/ravintolagosta.fi\/RG\/wp-content\/uploads\/logo1.png","contentUrl":"https:\/\/ravintolagosta.fi\/RG\/wp-content\/uploads\/logo1.png","width":832,"height":633,"caption":"Joenniemen ravintolat Oy"},"image":{"@id":"https:\/\/ravintolagosta.fi\/#\/schema\/logo\/image\/"},"sameAs":["https:\/\/facebook.com\/gostaravintola\/","https:\/\/x.com\/ravintolagosta"]}]}},"_links":{"self":[{"href":"https:\/\/ravintolagosta.fi\/en\/wp-json\/wp\/v2\/pages\/138"}],"collection":[{"href":"https:\/\/ravintolagosta.fi\/en\/wp-json\/wp\/v2\/pages"}],"about":[{"href":"https:\/\/ravintolagosta.fi\/en\/wp-json\/wp\/v2\/types\/page"}],"author":[{"embeddable":true,"href":"https:\/\/ravintolagosta.fi\/en\/wp-json\/wp\/v2\/users\/3"}],"replies":[{"embeddable":true,"href":"https:\/\/ravintolagosta.fi\/en\/wp-json\/wp\/v2\/comments?post=138"}],"version-history":[{"count":7,"href":"https:\/\/ravintolagosta.fi\/en\/wp-json\/wp\/v2\/pages\/138\/revisions"}],"predecessor-version":[{"id":2265,"href":"https:\/\/ravintolagosta.fi\/en\/wp-json\/wp\/v2\/pages\/138\/revisions\/2265"}],"up":[{"embeddable":true,"href":"https:\/\/ravintolagosta.fi\/en\/wp-json\/wp\/v2\/pages\/135"}],"wp:attachment":[{"href":"https:\/\/ravintolagosta.fi\/en\/wp-json\/wp\/v2\/media?parent=138"}],"curies":[{"name":"wp","href":"https:\/\/api.w.org\/{rel}","templated":true}]}}