{"id":264,"date":"2014-09-05T20:36:16","date_gmt":"2014-09-05T17:36:16","guid":{"rendered":"http:\/\/ravintolagosta.fi\/dev2\/?page_id=264"},"modified":"2025-09-01T10:34:02","modified_gmt":"2025-09-01T07:34:02","slug":"book-a-table","status":"publish","type":"page","link":"https:\/\/ravintolagosta.fi\/en\/book-a-table\/","title":{"rendered":"BOOK A TABLE"},"content":{"rendered":"<div id='full_slider_1'  class='avia-fullwidth-slider main_color avia-shadow   avia-builder-el-0  el_before_av_heading  avia-builder-el-first   container_wrap fullsize' style=' '  ><div   data-size='featured'  data-lightbox_size='large'  data-animation='slide'  data-conditional_play=''  data-ids='2874'  data-video_counter='0'  data-autoplay='false'  data-bg_slider='false'  data-slide_height=''  data-handle='av_slideshow_full'  data-interval='5'  data-class=' '  data-el_id=''  data-css_id=''  data-scroll_down=''  data-control_layout='av-control-default'  data-custom_markup=''  data-perma_caption=''  data-autoplay_stopper=''  data-image_attachment=''  data-min_height='0px'  data-src=''  data-position='top left'  data-repeat='no-repeat'  data-attach='scroll'  data-stretch=''  data-default-height='28.6666666667'  class='avia-slideshow avia-slideshow-1  av-control-default av-default-height-applied avia-slideshow-featured av_slideshow_full   avia-slide-slider '  itemprop=\"image\" itemscope=\"itemscope\" itemtype=\"https:\/\/schema.org\/ImageObject\" ><ul class='avia-slideshow-inner ' style='padding-bottom: 30.7142857143%;' ><li  class=' av-single-slide slide-1 ' ><div data-rel='slideshow-1' class='avia-slide-wrap '   ><img src='https:\/\/ravintolagosta.fi\/RG\/wp-content\/uploads\/perhejuhlat-1400x430.jpg' width='1400' height='430' title='perhejuhlat' alt=''  itemprop=\"thumbnailUrl\"   \/><\/div><\/li><\/ul><\/div><\/div><div id='after_full_slider_1'  class='main_color av_default_container_wrap container_wrap fullsize' style=' '  ><div class='container' ><div class='template-page content  av-content-full alpha units'><div class='post-entry post-entry-type-page post-entry-264'><div class='entry-content-wrapper clearfix'>\n<div  style='padding-bottom:10px; ' class='av-special-heading av-special-heading-h3    avia-builder-el-1  el_after_av_slideshow_full  el_before_av_textblock  avia-builder-el-first  '><h3 class='av-special-heading-tag '  itemprop=\"headline\"  >Book a table<\/h3><div class='special-heading-border'><div class='special-heading-inner-border' ><\/div><\/div><\/div>\n<section class=\"av_textblock_section \"  itemscope=\"itemscope\" itemtype=\"https:\/\/schema.org\/CreativeWork\" ><div class='avia_textblock  '   itemprop=\"text\" ><p>Restaurant G\u00f6sta is open from tuesday to\u00a0 sunday ( 1.9 &#8211; 31.5\u00a0 ) 1100-1700 (11 am to 5.00 pm)<\/p>\n<p>The kitchen closes 30 mins before close.<\/p>\n<p>Closed Good Friday, Finnish Independence Day 6.12., Christmas Eve 24.12. Christmas Day 25.12., New Year&#8217;s Eve 31.12.<\/p>\n<p>\u2022Other times available for groups on request<\/p>\n<p>Reservations are not mandatory, but recommended.<\/p>\n<div id=\"quandoo-booking-widget\"><\/div>\n<p><script src=\"https:\/\/booking-widget.quandoo.com\/index.js\" data-merchant-id=\"89832\" data-theme=\"brand\"><\/script><\/p>\n<\/div><\/section>\n<\/div><\/div><\/div><!-- close content main div --><\/div><\/div><div id='brands'  class='avia-section main_color avia-section-default avia-no-border-styling avia-bg-style-scroll  avia-builder-el-3  el_after_av_textblock  avia-builder-el-last   container_wrap fullsize' style='background-color: #342f29;  '  ><div class='container' ><div class='template-page content  av-content-full alpha units'><div class='post-entry post-entry-type-page post-entry-264'><div class='entry-content-wrapper clearfix'>\n<div   data-autoplay='false'  data-interval='5'  data-animation='slide'  class='avia-logo-element-container av-border-deactivate avia-logo-grid avia-content-slider avia-smallarrow-slider avia-content-grid-active noHover avia-content-slider1 avia-content-slider-even  avia-builder-el-4  avia-builder-el-no-sibling  ' ><div class='avia-smallarrow-slider-heading  no-logo-slider-heading '><div class='new-special-heading'>&nbsp;<\/div><\/div><div class='avia-content-slider-inner'><div class='slide-entry-wrap' ><div  class='slide-entry flex_column no_margin post-entry slide-entry-overview slide-loop-1 slide-parity-odd  av_one_eighth first real-thumbnail'><\/div><div  class='slide-entry flex_column no_margin post-entry slide-entry-overview slide-loop-2 slide-parity-even  av_one_eighth  real-thumbnail'><\/div><div  class='slide-entry flex_column no_margin post-entry slide-entry-overview slide-loop-3 slide-parity-odd  av_one_eighth  real-thumbnail'><\/div><div data-avia-tooltip=\"Serlachius\" class='slide-entry flex_column no_margin post-entry slide-entry-overview slide-loop-4 slide-parity-even  av_one_eighth  real-thumbnail'><a href='http:\/\/serlachius.fi\/en\/' data-rel='slide-1' class='slide-image' title='' target=\"_blank\" rel=\"noopener\"><img loading=\"lazy\" decoding=\"async\" width=\"467\" height=\"55\" src=\"https:\/\/ravintolagosta.fi\/RG\/wp-content\/uploads\/Serlachius_valkoinen-2.png\" class=\"attachment-no scaling size-no scaling\" alt=\"\" srcset=\"https:\/\/ravintolagosta.fi\/RG\/wp-content\/uploads\/Serlachius_valkoinen-2.png 467w, https:\/\/ravintolagosta.fi\/RG\/wp-content\/uploads\/Serlachius_valkoinen-2-300x35.png 300w\" sizes=\"(max-width: 467px) 100vw, 467px\" \/><\/a><\/div><div data-avia-tooltip=\"Serlachius\" class='slide-entry flex_column no_margin post-entry slide-entry-overview slide-loop-5 slide-parity-odd  av_one_eighth  real-thumbnail'><a href='http:\/\/serlachius.fi\/en\/' data-rel='slide-1' class='slide-image' title='' target=\"_blank\" rel=\"noopener\"><\/a><\/div><div data-avia-tooltip=\"Serlachius\" class='slide-entry flex_column no_margin post-entry slide-entry-overview slide-loop-6 slide-parity-even  av_one_eighth  real-thumbnail'><a href='http:\/\/serlachius.fi\/en\/' data-rel='slide-1' class='slide-image' title='' target=\"_blank\" rel=\"noopener\"><\/a><\/div><div data-avia-tooltip=\"Serlachius\" class='slide-entry flex_column no_margin post-entry slide-entry-overview slide-loop-7 slide-parity-odd  av_one_eighth  real-thumbnail'><a href='http:\/\/serlachius.fi\/en\/' data-rel='slide-1' class='slide-image' title='' target=\"_blank\" rel=\"noopener\"><\/a><\/div><div data-avia-tooltip=\"Serlachius\" class='slide-entry flex_column no_margin post-entry slide-entry-overview slide-loop-8 slide-parity-even  post-entry-last  av_one_eighth  real-thumbnail'><a href='http:\/\/serlachius.fi\/en\/' data-rel='slide-1' class='slide-image' title='' target=\"_blank\" rel=\"noopener\"><\/a><\/div><\/div><\/div><\/div>\n\n","protected":false},"excerpt":{"rendered":"","protected":false},"author":3,"featured_media":0,"parent":0,"menu_order":0,"comment_status":"closed","ping_status":"closed","template":"","meta":{"footnotes":""},"class_list":["post-264","page","type-page","status-publish","hentry"],"yoast_head":"<!-- This site is optimized with the Yoast SEO plugin v23.4 - https:\/\/yoast.com\/wordpress\/plugins\/seo\/ -->\n<title>Book a Table at Ravintola G\u00f6sta<\/title>\n<meta name=\"description\" content=\"Ravintola G\u00f6sta - Book a Table. Online bookings has to be made 24 h prior to your reservation. Reservations for the same day by phone +358 (0) 40 708 5572\" \/>\n<meta name=\"robots\" content=\"index, follow, max-snippet:-1, max-image-preview:large, max-video-preview:-1\" \/>\n<link rel=\"canonical\" href=\"https:\/\/ravintolagosta.fi\/en\/book-a-table\/\" \/>\n<meta property=\"og:locale\" content=\"en_US\" \/>\n<meta property=\"og:type\" content=\"article\" \/>\n<meta property=\"og:title\" content=\"Book a Table at Ravintola G\u00f6sta\" \/>\n<meta property=\"og:description\" content=\"Ravintola G\u00f6sta - Book a Table. Online bookings has to be made 24 h prior to your reservation. Reservations for the same day by phone +358 (0) 40 708 5572\" \/>\n<meta property=\"og:url\" content=\"https:\/\/ravintolagosta.fi\/en\/book-a-table\/\" \/>\n<meta property=\"og:site_name\" content=\"Ravintola G\u00f6sta\" \/>\n<meta property=\"article:publisher\" content=\"https:\/\/facebook.com\/gostaravintola\/\" \/>\n<meta property=\"article:modified_time\" content=\"2025-09-01T07:34:02+00:00\" \/>\n<meta property=\"og:image\" content=\"https:\/\/ravintolagosta.fi\/RG\/wp-content\/uploads\/5.jpg\" \/>\n\t<meta property=\"og:image:width\" content=\"1500\" \/>\n\t<meta property=\"og:image:height\" content=\"1500\" \/>\n\t<meta property=\"og:image:type\" content=\"image\/jpeg\" \/>\n<meta name=\"twitter:card\" content=\"summary_large_image\" \/>\n<meta name=\"twitter:site\" content=\"@ravintolagosta\" \/>\n<meta name=\"twitter:label1\" content=\"Est. reading time\" \/>\n\t<meta name=\"twitter:data1\" content=\"2 minutes\" \/>\n<script type=\"application\/ld+json\" class=\"yoast-schema-graph\">{\"@context\":\"https:\/\/schema.org\",\"@graph\":[{\"@type\":\"WebPage\",\"@id\":\"https:\/\/ravintolagosta.fi\/en\/book-a-table\/\",\"url\":\"https:\/\/ravintolagosta.fi\/en\/book-a-table\/\",\"name\":\"Book a Table at Ravintola G\u00f6sta\",\"isPartOf\":{\"@id\":\"https:\/\/ravintolagosta.fi\/#website\"},\"datePublished\":\"2014-09-05T17:36:16+00:00\",\"dateModified\":\"2025-09-01T07:34:02+00:00\",\"description\":\"Ravintola G\u00f6sta - Book a Table. Online bookings has to be made 24 h prior to your reservation. Reservations for the same day by phone +358 (0) 40 708 5572\",\"breadcrumb\":{\"@id\":\"https:\/\/ravintolagosta.fi\/en\/book-a-table\/#breadcrumb\"},\"inLanguage\":\"en-US\",\"potentialAction\":[{\"@type\":\"ReadAction\",\"target\":[\"https:\/\/ravintolagosta.fi\/en\/book-a-table\/\"]}]},{\"@type\":\"BreadcrumbList\",\"@id\":\"https:\/\/ravintolagosta.fi\/en\/book-a-table\/#breadcrumb\",\"itemListElement\":[{\"@type\":\"ListItem\",\"position\":1,\"name\":\"Home\",\"item\":\"https:\/\/ravintolagosta.fi\/en\/\"},{\"@type\":\"ListItem\",\"position\":2,\"name\":\"BOOK A TABLE\"}]},{\"@type\":\"WebSite\",\"@id\":\"https:\/\/ravintolagosta.fi\/#website\",\"url\":\"https:\/\/ravintolagosta.fi\/\",\"name\":\"Ravintola G\u00f6sta\",\"description\":\"Tervetuloa nauttimaan kiireett\u00f6m\u00e4st\u00e4 ruokailuhetkest\u00e4 Ravintola G\u00f6staan!\",\"publisher\":{\"@id\":\"https:\/\/ravintolagosta.fi\/#organization\"},\"potentialAction\":[{\"@type\":\"SearchAction\",\"target\":{\"@type\":\"EntryPoint\",\"urlTemplate\":\"https:\/\/ravintolagosta.fi\/?s={search_term_string}\"},\"query-input\":{\"@type\":\"PropertyValueSpecification\",\"valueRequired\":true,\"valueName\":\"search_term_string\"}}],\"inLanguage\":\"en-US\"},{\"@type\":\"Organization\",\"@id\":\"https:\/\/ravintolagosta.fi\/#organization\",\"name\":\"Joenniemen ravintolat Oy\",\"url\":\"https:\/\/ravintolagosta.fi\/\",\"logo\":{\"@type\":\"ImageObject\",\"inLanguage\":\"en-US\",\"@id\":\"https:\/\/ravintolagosta.fi\/#\/schema\/logo\/image\/\",\"url\":\"https:\/\/ravintolagosta.fi\/RG\/wp-content\/uploads\/logo1.png\",\"contentUrl\":\"https:\/\/ravintolagosta.fi\/RG\/wp-content\/uploads\/logo1.png\",\"width\":832,\"height\":633,\"caption\":\"Joenniemen ravintolat Oy\"},\"image\":{\"@id\":\"https:\/\/ravintolagosta.fi\/#\/schema\/logo\/image\/\"},\"sameAs\":[\"https:\/\/facebook.com\/gostaravintola\/\",\"https:\/\/x.com\/ravintolagosta\"]}]}<\/script>\n<!-- \/ Yoast SEO plugin. -->","yoast_head_json":{"title":"Book a Table at Ravintola G\u00f6sta","description":"Ravintola G\u00f6sta - Book a Table. Online bookings has to be made 24 h prior to your reservation. Reservations for the same day by phone +358 (0) 40 708 5572","robots":{"index":"index","follow":"follow","max-snippet":"max-snippet:-1","max-image-preview":"max-image-preview:large","max-video-preview":"max-video-preview:-1"},"canonical":"https:\/\/ravintolagosta.fi\/en\/book-a-table\/","og_locale":"en_US","og_type":"article","og_title":"Book a Table at Ravintola G\u00f6sta","og_description":"Ravintola G\u00f6sta - Book a Table. Online bookings has to be made 24 h prior to your reservation. Reservations for the same day by phone +358 (0) 40 708 5572","og_url":"https:\/\/ravintolagosta.fi\/en\/book-a-table\/","og_site_name":"Ravintola G\u00f6sta","article_publisher":"https:\/\/facebook.com\/gostaravintola\/","article_modified_time":"2025-09-01T07:34:02+00:00","og_image":[{"width":1500,"height":1500,"url":"https:\/\/ravintolagosta.fi\/RG\/wp-content\/uploads\/5.jpg","type":"image\/jpeg"}],"twitter_card":"summary_large_image","twitter_site":"@ravintolagosta","twitter_misc":{"Est. reading time":"2 minutes"},"schema":{"@context":"https:\/\/schema.org","@graph":[{"@type":"WebPage","@id":"https:\/\/ravintolagosta.fi\/en\/book-a-table\/","url":"https:\/\/ravintolagosta.fi\/en\/book-a-table\/","name":"Book a Table at Ravintola G\u00f6sta","isPartOf":{"@id":"https:\/\/ravintolagosta.fi\/#website"},"datePublished":"2014-09-05T17:36:16+00:00","dateModified":"2025-09-01T07:34:02+00:00","description":"Ravintola G\u00f6sta - Book a Table. Online bookings has to be made 24 h prior to your reservation. Reservations for the same day by phone +358 (0) 40 708 5572","breadcrumb":{"@id":"https:\/\/ravintolagosta.fi\/en\/book-a-table\/#breadcrumb"},"inLanguage":"en-US","potentialAction":[{"@type":"ReadAction","target":["https:\/\/ravintolagosta.fi\/en\/book-a-table\/"]}]},{"@type":"BreadcrumbList","@id":"https:\/\/ravintolagosta.fi\/en\/book-a-table\/#breadcrumb","itemListElement":[{"@type":"ListItem","position":1,"name":"Home","item":"https:\/\/ravintolagosta.fi\/en\/"},{"@type":"ListItem","position":2,"name":"BOOK A TABLE"}]},{"@type":"WebSite","@id":"https:\/\/ravintolagosta.fi\/#website","url":"https:\/\/ravintolagosta.fi\/","name":"Ravintola G\u00f6sta","description":"Tervetuloa nauttimaan kiireett\u00f6m\u00e4st\u00e4 ruokailuhetkest\u00e4 Ravintola G\u00f6staan!","publisher":{"@id":"https:\/\/ravintolagosta.fi\/#organization"},"potentialAction":[{"@type":"SearchAction","target":{"@type":"EntryPoint","urlTemplate":"https:\/\/ravintolagosta.fi\/?s={search_term_string}"},"query-input":{"@type":"PropertyValueSpecification","valueRequired":true,"valueName":"search_term_string"}}],"inLanguage":"en-US"},{"@type":"Organization","@id":"https:\/\/ravintolagosta.fi\/#organization","name":"Joenniemen ravintolat Oy","url":"https:\/\/ravintolagosta.fi\/","logo":{"@type":"ImageObject","inLanguage":"en-US","@id":"https:\/\/ravintolagosta.fi\/#\/schema\/logo\/image\/","url":"https:\/\/ravintolagosta.fi\/RG\/wp-content\/uploads\/logo1.png","contentUrl":"https:\/\/ravintolagosta.fi\/RG\/wp-content\/uploads\/logo1.png","width":832,"height":633,"caption":"Joenniemen ravintolat Oy"},"image":{"@id":"https:\/\/ravintolagosta.fi\/#\/schema\/logo\/image\/"},"sameAs":["https:\/\/facebook.com\/gostaravintola\/","https:\/\/x.com\/ravintolagosta"]}]}},"_links":{"self":[{"href":"https:\/\/ravintolagosta.fi\/en\/wp-json\/wp\/v2\/pages\/264"}],"collection":[{"href":"https:\/\/ravintolagosta.fi\/en\/wp-json\/wp\/v2\/pages"}],"about":[{"href":"https:\/\/ravintolagosta.fi\/en\/wp-json\/wp\/v2\/types\/page"}],"author":[{"embeddable":true,"href":"https:\/\/ravintolagosta.fi\/en\/wp-json\/wp\/v2\/users\/3"}],"replies":[{"embeddable":true,"href":"https:\/\/ravintolagosta.fi\/en\/wp-json\/wp\/v2\/comments?post=264"}],"version-history":[{"count":31,"href":"https:\/\/ravintolagosta.fi\/en\/wp-json\/wp\/v2\/pages\/264\/revisions"}],"predecessor-version":[{"id":4736,"href":"https:\/\/ravintolagosta.fi\/en\/wp-json\/wp\/v2\/pages\/264\/revisions\/4736"}],"wp:attachment":[{"href":"https:\/\/ravintolagosta.fi\/en\/wp-json\/wp\/v2\/media?parent=264"}],"curies":[{"name":"wp","href":"https:\/\/api.w.org\/{rel}","templated":true}]}}